{"id":10807,"date":"2025-11-14T13:51:25","date_gmt":"2025-11-14T12:51:25","guid":{"rendered":"https:\/\/titan-wind.com\/job\/"},"modified":"2026-03-31T12:18:38","modified_gmt":"2026-03-31T10:18:38","slug":"job","status":"publish","type":"page","link":"https:\/\/titan-wind.com\/da\/job\/","title":{"rendered":"Job"},"content":{"rendered":"\t\t<div data-elementor-type=\"wp-page\" data-elementor-id=\"10807\" class=\"elementor elementor-10807 elementor-10260\" data-elementor-post-type=\"page\">\n\t\t\t\t<div class=\"elementor-element elementor-element-c84c84b e-con-full e-flex e-con e-parent\" data-id=\"c84c84b\" data-element_type=\"container\">\n\t\t\t\t<div class=\"elementor-element elementor-element-3bb73d90 elementor-widget elementor-widget-template\" data-id=\"3bb73d90\" data-element_type=\"widget\" data-widget_type=\"template.default\">\n\t\t\t\t<div class=\"elementor-widget-container\">\n\t\t\t\t\t\t\t<div class=\"elementor-template\">\n\t\t\t\t\t<div data-elementor-type=\"container\" data-elementor-id=\"11092\" class=\"elementor elementor-11092 elementor-6563\" data-elementor-post-type=\"elementor_library\">\n\t\t\t\t<div class=\"elementor-element elementor-element-6b499f1f e-con-full no-padding e-flex e-con e-parent\" data-id=\"6b499f1f\" data-element_type=\"container\">\n\t\t\t\t<div class=\"elementor-element elementor-element-1ecbb66 elementor-widget elementor-widget-template\" data-id=\"1ecbb66\" data-element_type=\"widget\" data-widget_type=\"template.default\">\n\t\t\t\t<div class=\"elementor-widget-container\">\n\t\t\t\t\t\t\t<div class=\"elementor-template\">\n\t\t\t\t\t<div data-elementor-type=\"container\" data-elementor-id=\"10938\" class=\"elementor elementor-10938 elementor-6542\" data-elementor-post-type=\"elementor_library\">\n\t\t\t\t<div class=\"elementor-element elementor-element-3cf4cf35 white e-flex e-con-boxed e-con e-parent\" data-id=\"3cf4cf35\" data-element_type=\"container\" data-settings=\"{&quot;background_background&quot;:&quot;classic&quot;}\">\n\t\t\t\t\t<div class=\"e-con-inner\">\n\t\t<div class=\"elementor-element elementor-element-6e3e884e e-con-full e-flex e-con e-child\" data-id=\"6e3e884e\" data-element_type=\"container\">\n\t\t\t\t<\/div>\n\t\t\t\t\t<\/div>\n\t\t\t\t<\/div>\n\t\t\t\t<\/div>\n\t\t\t\t<\/div>\n\t\t\t\t\t\t<\/div>\n\t\t\t\t<\/div>\n\t\t\t\t<\/div>\n\t\t\t\t<\/div>\n\t\t\t\t<\/div>\n\t\t\t\t\t\t<\/div>\n\t\t\t\t<\/div>\n\t\t\t\t<\/div>\n\t\t<div class=\"elementor-element elementor-element-8e41492 e-flex e-con-boxed e-con e-parent\" data-id=\"8e41492\" data-element_type=\"container\">\n\t\t\t\t\t<div class=\"e-con-inner\">\n\t\t<div class=\"elementor-element elementor-element-18eecde6 e-con-full e-flex e-con e-child\" data-id=\"18eecde6\" data-element_type=\"container\">\n\t\t\t\t<div class=\"elementor-element elementor-element-75aa09e5 prehead elementor-widget elementor-widget-text-editor\" data-id=\"75aa09e5\" data-element_type=\"widget\" data-widget_type=\"text-editor.default\">\n\t\t\t\t<div class=\"elementor-widget-container\">\n\t\t\t\t\t\t\t\t\t<p>Ans\u00f8g n\u00e5r som helst<\/p>\t\t\t\t\t\t\t\t<\/div>\n\t\t\t\t<\/div>\n\t\t\t\t<div class=\"elementor-element elementor-element-c80d7c6 elementor-widget elementor-widget-heading\" data-id=\"c80d7c6\" data-element_type=\"widget\" data-widget_type=\"heading.default\">\n\t\t\t\t<div class=\"elementor-widget-container\">\n\t\t\t\t\t<h2 class=\"elementor-heading-title elementor-size-default\">Uopfordrede ans\u00f8gninger Danmark<\/h2>\t\t\t\t<\/div>\n\t\t\t\t<\/div>\n\t\t\t\t<div class=\"elementor-element elementor-element-b1e3e5c elementor-widget elementor-widget-text-editor\" data-id=\"b1e3e5c\" data-element_type=\"widget\" data-widget_type=\"text-editor.default\">\n\t\t\t\t<div class=\"elementor-widget-container\">\n\t\t\t\t\t\t\t\t\t<h5>\u00a0<\/h5><h5>\u00a0<\/h5><h5><strong data-start=\"50\" data-end=\"72\">Projektleder s\u00f8ges<\/strong> \u2013 <a href=\"https:\/\/titanwindenergygroup.recruitee.com\/o\/projektleder\">L\u00e6s mere<\/a><\/h5>\t\t\t\t\t\t\t\t<\/div>\n\t\t\t\t<\/div>\n\t\t\t\t<\/div>\n\t\t<div class=\"elementor-element elementor-element-51ce53c8 e-con-full e-flex e-con e-child\" data-id=\"51ce53c8\" data-element_type=\"container\">\n\t\t\t\t<div class=\"elementor-element elementor-element-201572b6 elementor-widget elementor-widget-text-editor\" data-id=\"201572b6\" data-element_type=\"widget\" data-widget_type=\"text-editor.default\">\n\t\t\t\t<div class=\"elementor-widget-container\">\n\t\t\t\t\t\t\t\t\t<p>Du er altid velkommen til at sende os din uopfordrede ans\u00f8gning og CV.<\/p><p><a href=\"https:\/\/titanwindenergygroup.recruitee.com\/o\/unsolicited-application?lang=en\" target=\"_blank\" rel=\"noopener\">Klik her<\/a><\/p>\t\t\t\t\t\t\t\t<\/div>\n\t\t\t\t<\/div>\n\t\t\t\t<\/div>\n\t\t\t\t\t<\/div>\n\t\t\t\t<\/div>\n\t\t\t\t<\/div>\n\t\t","protected":false},"excerpt":{"rendered":"<p>Ans\u00f8g n\u00e5r som helst Uopfordrede ans\u00f8gninger Danmark \u00a0 \u00a0 Projektleder s\u00f8ges \u2013 L\u00e6s mere Du er altid velkommen til at sende os din uopfordrede ans\u00f8gning og CV. Klik her<\/p>\n","protected":false},"author":5,"featured_media":0,"parent":0,"menu_order":1009,"comment_status":"closed","ping_status":"closed","template":"","meta":{"_acf_changed":false,"footnotes":""},"categories":[],"class_list":["post-10807","page","type-page","status-publish"],"acf":[],"yoast_head":"<!-- This site is optimized with the Yoast SEO plugin v27.3 - https:\/\/yoast.com\/product\/yoast-seo-wordpress\/ -->\n<title>Job | Titan Wind Operational Support ApS<\/title>\n<meta name=\"robots\" content=\"index, follow, max-snippet:-1, max-image-preview:large, max-video-preview:-1\" \/>\n<link rel=\"canonical\" href=\"https:\/\/titan-wind.com\/da\/job\/\" \/>\n<meta property=\"og:locale\" content=\"da_DK\" \/>\n<meta property=\"og:type\" content=\"article\" \/>\n<meta property=\"og:title\" content=\"Job | Titan Wind Operational Support ApS\" \/>\n<meta property=\"og:description\" content=\"Ans\u00f8g n\u00e5r som helst Uopfordrede ans\u00f8gninger Danmark \u00a0 \u00a0 Projektleder s\u00f8ges \u2013 L\u00e6s mere Du er altid velkommen til at sende os din uopfordrede ans\u00f8gning og CV. Klik her\" \/>\n<meta property=\"og:url\" content=\"https:\/\/titan-wind.com\/da\/job\/\" \/>\n<meta property=\"og:site_name\" content=\"Titan Wind Operational Support ApS\" \/>\n<meta property=\"article:modified_time\" content=\"2026-03-31T10:18:38+00:00\" \/>\n<meta name=\"twitter:card\" content=\"summary_large_image\" \/>\n<script type=\"application\/ld+json\" class=\"yoast-schema-graph\">{\"@context\":\"https:\\\/\\\/schema.org\",\"@graph\":[{\"@type\":\"WebPage\",\"@id\":\"https:\\\/\\\/titan-wind.com\\\/da\\\/job\\\/\",\"url\":\"https:\\\/\\\/titan-wind.com\\\/da\\\/job\\\/\",\"name\":\"Job | Titan Wind Operational Support ApS\",\"isPartOf\":{\"@id\":\"https:\\\/\\\/titan-wind.com\\\/da\\\/#website\"},\"datePublished\":\"2025-11-14T12:51:25+00:00\",\"dateModified\":\"2026-03-31T10:18:38+00:00\",\"breadcrumb\":{\"@id\":\"https:\\\/\\\/titan-wind.com\\\/da\\\/job\\\/#breadcrumb\"},\"inLanguage\":\"da-DK\",\"potentialAction\":[{\"@type\":\"ReadAction\",\"target\":[\"https:\\\/\\\/titan-wind.com\\\/da\\\/job\\\/\"]}]},{\"@type\":\"BreadcrumbList\",\"@id\":\"https:\\\/\\\/titan-wind.com\\\/da\\\/job\\\/#breadcrumb\",\"itemListElement\":[{\"@type\":\"ListItem\",\"position\":1,\"name\":\"Forside\",\"item\":\"https:\\\/\\\/titan-wind.com\\\/da\\\/\"},{\"@type\":\"ListItem\",\"position\":2,\"name\":\"Job\"}]},{\"@type\":\"WebSite\",\"@id\":\"https:\\\/\\\/titan-wind.com\\\/da\\\/#website\",\"url\":\"https:\\\/\\\/titan-wind.com\\\/da\\\/\",\"name\":\"Titan Wind Operational Support ApS\",\"description\":\"Titan er din p\u00e5lidelige partner inden for st\u00e5lkonstruktioner\",\"publisher\":{\"@id\":\"https:\\\/\\\/titan-wind.com\\\/da\\\/#organization\"},\"potentialAction\":[{\"@type\":\"SearchAction\",\"target\":{\"@type\":\"EntryPoint\",\"urlTemplate\":\"https:\\\/\\\/titan-wind.com\\\/da\\\/?s={search_term_string}\"},\"query-input\":{\"@type\":\"PropertyValueSpecification\",\"valueRequired\":true,\"valueName\":\"search_term_string\"}}],\"inLanguage\":\"da-DK\"},{\"@type\":\"Organization\",\"@id\":\"https:\\\/\\\/titan-wind.com\\\/da\\\/#organization\",\"name\":\"Titan Wind Operational Support ApS\",\"url\":\"https:\\\/\\\/titan-wind.com\\\/da\\\/\",\"logo\":{\"@type\":\"ImageObject\",\"inLanguage\":\"da-DK\",\"@id\":\"https:\\\/\\\/titan-wind.com\\\/da\\\/#\\\/schema\\\/logo\\\/image\\\/\",\"url\":\"https:\\\/\\\/titan-wind.com\\\/wp-content\\\/uploads\\\/2025\\\/09\\\/titan-wind-logo.png\",\"contentUrl\":\"https:\\\/\\\/titan-wind.com\\\/wp-content\\\/uploads\\\/2025\\\/09\\\/titan-wind-logo.png\",\"width\":946,\"height\":241,\"caption\":\"Titan Wind Operational Support ApS\"},\"image\":{\"@id\":\"https:\\\/\\\/titan-wind.com\\\/da\\\/#\\\/schema\\\/logo\\\/image\\\/\"}}]}<\/script>\n<!-- \/ Yoast SEO plugin. -->","yoast_head_json":{"title":"Job | Titan Wind Operational Support ApS","robots":{"index":"index","follow":"follow","max-snippet":"max-snippet:-1","max-image-preview":"max-image-preview:large","max-video-preview":"max-video-preview:-1"},"canonical":"https:\/\/titan-wind.com\/da\/job\/","og_locale":"da_DK","og_type":"article","og_title":"Job | Titan Wind Operational Support ApS","og_description":"Ans\u00f8g n\u00e5r som helst Uopfordrede ans\u00f8gninger Danmark \u00a0 \u00a0 Projektleder s\u00f8ges \u2013 L\u00e6s mere Du er altid velkommen til at sende os din uopfordrede ans\u00f8gning og CV. Klik her","og_url":"https:\/\/titan-wind.com\/da\/job\/","og_site_name":"Titan Wind Operational Support ApS","article_modified_time":"2026-03-31T10:18:38+00:00","twitter_card":"summary_large_image","schema":{"@context":"https:\/\/schema.org","@graph":[{"@type":"WebPage","@id":"https:\/\/titan-wind.com\/da\/job\/","url":"https:\/\/titan-wind.com\/da\/job\/","name":"Job | Titan Wind Operational Support ApS","isPartOf":{"@id":"https:\/\/titan-wind.com\/da\/#website"},"datePublished":"2025-11-14T12:51:25+00:00","dateModified":"2026-03-31T10:18:38+00:00","breadcrumb":{"@id":"https:\/\/titan-wind.com\/da\/job\/#breadcrumb"},"inLanguage":"da-DK","potentialAction":[{"@type":"ReadAction","target":["https:\/\/titan-wind.com\/da\/job\/"]}]},{"@type":"BreadcrumbList","@id":"https:\/\/titan-wind.com\/da\/job\/#breadcrumb","itemListElement":[{"@type":"ListItem","position":1,"name":"Forside","item":"https:\/\/titan-wind.com\/da\/"},{"@type":"ListItem","position":2,"name":"Job"}]},{"@type":"WebSite","@id":"https:\/\/titan-wind.com\/da\/#website","url":"https:\/\/titan-wind.com\/da\/","name":"Titan Wind Operational Support ApS","description":"Titan er din p\u00e5lidelige partner inden for st\u00e5lkonstruktioner","publisher":{"@id":"https:\/\/titan-wind.com\/da\/#organization"},"potentialAction":[{"@type":"SearchAction","target":{"@type":"EntryPoint","urlTemplate":"https:\/\/titan-wind.com\/da\/?s={search_term_string}"},"query-input":{"@type":"PropertyValueSpecification","valueRequired":true,"valueName":"search_term_string"}}],"inLanguage":"da-DK"},{"@type":"Organization","@id":"https:\/\/titan-wind.com\/da\/#organization","name":"Titan Wind Operational Support ApS","url":"https:\/\/titan-wind.com\/da\/","logo":{"@type":"ImageObject","inLanguage":"da-DK","@id":"https:\/\/titan-wind.com\/da\/#\/schema\/logo\/image\/","url":"https:\/\/titan-wind.com\/wp-content\/uploads\/2025\/09\/titan-wind-logo.png","contentUrl":"https:\/\/titan-wind.com\/wp-content\/uploads\/2025\/09\/titan-wind-logo.png","width":946,"height":241,"caption":"Titan Wind Operational Support ApS"},"image":{"@id":"https:\/\/titan-wind.com\/da\/#\/schema\/logo\/image\/"}}]}},"_links":{"self":[{"href":"https:\/\/titan-wind.com\/da\/wp-json\/wp\/v2\/pages\/10807","targetHints":{"allow":["GET"]}}],"collection":[{"href":"https:\/\/titan-wind.com\/da\/wp-json\/wp\/v2\/pages"}],"about":[{"href":"https:\/\/titan-wind.com\/da\/wp-json\/wp\/v2\/types\/page"}],"author":[{"embeddable":true,"href":"https:\/\/titan-wind.com\/da\/wp-json\/wp\/v2\/users\/5"}],"replies":[{"embeddable":true,"href":"https:\/\/titan-wind.com\/da\/wp-json\/wp\/v2\/comments?post=10807"}],"version-history":[{"count":4,"href":"https:\/\/titan-wind.com\/da\/wp-json\/wp\/v2\/pages\/10807\/revisions"}],"predecessor-version":[{"id":11545,"href":"https:\/\/titan-wind.com\/da\/wp-json\/wp\/v2\/pages\/10807\/revisions\/11545"}],"wp:attachment":[{"href":"https:\/\/titan-wind.com\/da\/wp-json\/wp\/v2\/media?parent=10807"}],"wp:term":[{"taxonomy":"category","embeddable":true,"href":"https:\/\/titan-wind.com\/da\/wp-json\/wp\/v2\/categories?post=10807"}],"curies":[{"name":"wp","href":"https:\/\/api.w.org\/{rel}","templated":true}]}}