{"id":10811,"date":"2025-10-30T13:35:36","date_gmt":"2025-10-30T12:35:36","guid":{"rendered":"https:\/\/titan-wind.com\/rulleevne-op-til-140-mm\/"},"modified":"2026-02-05T08:07:33","modified_gmt":"2026-02-05T07:07:33","slug":"valsning-op-til-140mm","status":"publish","type":"page","link":"https:\/\/titan-wind.com\/da\/valsning-op-til-140mm\/","title":{"rendered":"Valsning op til 140mm"},"content":{"rendered":"\t\t<div data-elementor-type=\"wp-page\" data-elementor-id=\"10811\" class=\"elementor elementor-10811 elementor-10055\" data-elementor-post-type=\"page\">\n\t\t\t\t<div class=\"elementor-element elementor-element-68856857 e-con-full e-flex e-con e-parent\" data-id=\"68856857\" data-element_type=\"container\">\n\t\t\t\t<div class=\"elementor-element elementor-element-5238de43 elementor-widget elementor-widget-template\" data-id=\"5238de43\" data-element_type=\"widget\" data-widget_type=\"template.default\">\n\t\t\t\t<div class=\"elementor-widget-container\">\n\t\t\t\t\t\t\t<div class=\"elementor-template\">\n\t\t\t\t\t<div data-elementor-type=\"container\" data-elementor-id=\"11092\" class=\"elementor elementor-11092 elementor-6563\" data-elementor-post-type=\"elementor_library\">\n\t\t\t\t<div class=\"elementor-element elementor-element-6b499f1f e-con-full no-padding e-flex e-con e-parent\" data-id=\"6b499f1f\" data-element_type=\"container\">\n\t\t\t\t<div class=\"elementor-element elementor-element-1ecbb66 elementor-widget elementor-widget-template\" data-id=\"1ecbb66\" data-element_type=\"widget\" data-widget_type=\"template.default\">\n\t\t\t\t<div class=\"elementor-widget-container\">\n\t\t\t\t\t\t\t<div class=\"elementor-template\">\n\t\t\t\t\t<div data-elementor-type=\"container\" data-elementor-id=\"10938\" class=\"elementor elementor-10938 elementor-6542\" data-elementor-post-type=\"elementor_library\">\n\t\t\t\t<div class=\"elementor-element elementor-element-3cf4cf35 white e-flex e-con-boxed e-con e-parent\" data-id=\"3cf4cf35\" data-element_type=\"container\" data-settings=\"{&quot;background_background&quot;:&quot;classic&quot;}\">\n\t\t\t\t\t<div class=\"e-con-inner\">\n\t\t<div class=\"elementor-element elementor-element-6e3e884e e-con-full e-flex e-con e-child\" data-id=\"6e3e884e\" data-element_type=\"container\">\n\t\t\t\t<\/div>\n\t\t\t\t\t<\/div>\n\t\t\t\t<\/div>\n\t\t\t\t<\/div>\n\t\t\t\t<\/div>\n\t\t\t\t\t\t<\/div>\n\t\t\t\t<\/div>\n\t\t\t\t<\/div>\n\t\t\t\t<\/div>\n\t\t\t\t<\/div>\n\t\t\t\t\t\t<\/div>\n\t\t\t\t<\/div>\n\t\t\t\t<\/div>\n\t\t<div class=\"elementor-element elementor-element-3e916efd e-flex e-con-boxed e-con e-parent\" data-id=\"3e916efd\" data-element_type=\"container\">\n\t\t\t\t\t<div class=\"e-con-inner\">\n\t\t<div class=\"elementor-element elementor-element-474f1164 e-con-full e-flex e-con e-child\" data-id=\"474f1164\" data-element_type=\"container\">\n\t\t\t\t<div class=\"elementor-element elementor-element-434b8cee elementor-widget elementor-widget-heading\" data-id=\"434b8cee\" data-element_type=\"widget\" data-widget_type=\"heading.default\">\n\t\t\t\t<div class=\"elementor-widget-container\">\n\t\t\t\t\t<h2 class=\"elementor-heading-title elementor-size-default\">Kvalitets Valsning af st\u00e5lkomponenter til vind og offshore<\/h2>\t\t\t\t<\/div>\n\t\t\t\t<\/div>\n\t\t\t\t<\/div>\n\t\t<div class=\"elementor-element elementor-element-5b71c735 e-con-full e-flex e-con e-child\" data-id=\"5b71c735\" data-element_type=\"container\">\n\t\t\t\t<div class=\"elementor-element elementor-element-7fe46ad0 elementor-widget elementor-widget-text-editor\" data-id=\"7fe46ad0\" data-element_type=\"widget\" data-widget_type=\"text-editor.default\">\n\t\t\t\t<div class=\"elementor-widget-container\">\n\t\t\t\t\t\t\t\t\t<p>Pr\u00e6cisionsvalsning af st\u00e5lkomponenter til vind- og offshore-applikationer. Vi h\u00e5ndterer store dimensioner og komplekse profiler med fokus p\u00e5 styrke, n\u00f8jagtighed og overfladekvalitet. <\/p>\t\t\t\t\t\t\t\t<\/div>\n\t\t\t\t<\/div>\n\t\t\t\t<div class=\"elementor-element elementor-element-26c5285 e-transform elementor-widget elementor-widget-button\" data-id=\"26c5285\" data-element_type=\"widget\" data-settings=\"{&quot;_transform_scale_effect&quot;:{&quot;unit&quot;:&quot;px&quot;,&quot;size&quot;:&quot;&quot;,&quot;sizes&quot;:[]},&quot;_transform_scale_effect_laptop&quot;:{&quot;unit&quot;:&quot;px&quot;,&quot;size&quot;:&quot;&quot;,&quot;sizes&quot;:[]},&quot;_transform_scale_effect_tablet&quot;:{&quot;unit&quot;:&quot;px&quot;,&quot;size&quot;:&quot;&quot;,&quot;sizes&quot;:[]},&quot;_transform_scale_effect_mobile&quot;:{&quot;unit&quot;:&quot;px&quot;,&quot;size&quot;:&quot;&quot;,&quot;sizes&quot;:[]}}\" data-widget_type=\"button.default\">\n\t\t\t\t<div class=\"elementor-widget-container\">\n\t\t\t\t\t\t\t\t\t<div class=\"elementor-button-wrapper\">\n\t\t\t\t\t<a class=\"elementor-button elementor-button-link elementor-size-sm\" href=\"https:\/\/titan-wind.com\/da\/cases\/\">\n\t\t\t\t\t\t<span class=\"elementor-button-content-wrapper\">\n\t\t\t\t\t\t<span class=\"elementor-button-icon\">\n\t\t\t\t<i aria-hidden=\"true\" class=\"far fa-long-arrow-right\"><\/i>\t\t\t<\/span>\n\t\t\t\t\t\t\t\t\t<span class=\"elementor-button-text\">Se cases<\/span>\n\t\t\t\t\t<\/span>\n\t\t\t\t\t<\/a>\n\t\t\t\t<\/div>\n\t\t\t\t\t\t\t\t<\/div>\n\t\t\t\t<\/div>\n\t\t\t\t<\/div>\n\t\t\t\t\t<\/div>\n\t\t\t\t<\/div>\n\t\t\t\t<\/div>\n\t\t","protected":false},"excerpt":{"rendered":"<p>Kvalitets Valsning af st\u00e5lkomponenter til vind og offshore Pr\u00e6cisionsvalsning af st\u00e5lkomponenter til vind- og offshore-applikationer. Vi h\u00e5ndterer store dimensioner og komplekse profiler med fokus p\u00e5 styrke, n\u00f8jagtighed og overfladekvalitet. Se cases<\/p>\n","protected":false},"author":5,"featured_media":11485,"parent":0,"menu_order":1007,"comment_status":"closed","ping_status":"closed","template":"","meta":{"_acf_changed":false,"footnotes":""},"categories":[],"class_list":["post-10811","page","type-page","status-publish","has-post-thumbnail"],"acf":[],"yoast_head":"<!-- This site is optimized with the Yoast SEO plugin v27.3 - https:\/\/yoast.com\/product\/yoast-seo-wordpress\/ -->\n<title>Valsning op til 140mm | Titan Wind Operational Support ApS<\/title>\n<meta name=\"robots\" content=\"index, follow, max-snippet:-1, max-image-preview:large, max-video-preview:-1\" \/>\n<link rel=\"canonical\" href=\"https:\/\/titan-wind.com\/da\/valsning-op-til-140mm\/\" \/>\n<meta property=\"og:locale\" content=\"da_DK\" \/>\n<meta property=\"og:type\" content=\"article\" \/>\n<meta property=\"og:title\" content=\"Valsning op til 140mm | Titan Wind Operational Support ApS\" \/>\n<meta property=\"og:description\" content=\"Kvalitets Valsning af st\u00e5lkomponenter til vind og offshore Pr\u00e6cisionsvalsning af st\u00e5lkomponenter til vind- og offshore-applikationer. Vi h\u00e5ndterer store dimensioner og komplekse profiler med fokus p\u00e5 styrke, n\u00f8jagtighed og overfladekvalitet. Se cases\" \/>\n<meta property=\"og:url\" content=\"https:\/\/titan-wind.com\/da\/valsning-op-til-140mm\/\" \/>\n<meta property=\"og:site_name\" content=\"Titan Wind Operational Support ApS\" \/>\n<meta property=\"article:modified_time\" content=\"2026-02-05T07:07:33+00:00\" \/>\n<meta name=\"twitter:card\" content=\"summary_large_image\" \/>\n<script type=\"application\/ld+json\" class=\"yoast-schema-graph\">{\"@context\":\"https:\\\/\\\/schema.org\",\"@graph\":[{\"@type\":\"WebPage\",\"@id\":\"https:\\\/\\\/titan-wind.com\\\/da\\\/valsning-op-til-140mm\\\/\",\"url\":\"https:\\\/\\\/titan-wind.com\\\/da\\\/valsning-op-til-140mm\\\/\",\"name\":\"Valsning op til 140mm | Titan Wind Operational Support ApS\",\"isPartOf\":{\"@id\":\"https:\\\/\\\/titan-wind.com\\\/da\\\/#website\"},\"primaryImageOfPage\":{\"@id\":\"https:\\\/\\\/titan-wind.com\\\/da\\\/valsning-op-til-140mm\\\/#primaryimage\"},\"image\":{\"@id\":\"https:\\\/\\\/titan-wind.com\\\/da\\\/valsning-op-til-140mm\\\/#primaryimage\"},\"thumbnailUrl\":\"https:\\\/\\\/titan-wind.com\\\/wp-content\\\/uploads\\\/2026\\\/02\\\/Rolling-scaled.jpg\",\"datePublished\":\"2025-10-30T12:35:36+00:00\",\"dateModified\":\"2026-02-05T07:07:33+00:00\",\"breadcrumb\":{\"@id\":\"https:\\\/\\\/titan-wind.com\\\/da\\\/valsning-op-til-140mm\\\/#breadcrumb\"},\"inLanguage\":\"da-DK\",\"potentialAction\":[{\"@type\":\"ReadAction\",\"target\":[\"https:\\\/\\\/titan-wind.com\\\/da\\\/valsning-op-til-140mm\\\/\"]}]},{\"@type\":\"ImageObject\",\"inLanguage\":\"da-DK\",\"@id\":\"https:\\\/\\\/titan-wind.com\\\/da\\\/valsning-op-til-140mm\\\/#primaryimage\",\"url\":\"https:\\\/\\\/titan-wind.com\\\/wp-content\\\/uploads\\\/2026\\\/02\\\/Rolling-scaled.jpg\",\"contentUrl\":\"https:\\\/\\\/titan-wind.com\\\/wp-content\\\/uploads\\\/2026\\\/02\\\/Rolling-scaled.jpg\",\"width\":2048,\"height\":761},{\"@type\":\"BreadcrumbList\",\"@id\":\"https:\\\/\\\/titan-wind.com\\\/da\\\/valsning-op-til-140mm\\\/#breadcrumb\",\"itemListElement\":[{\"@type\":\"ListItem\",\"position\":1,\"name\":\"Forside\",\"item\":\"https:\\\/\\\/titan-wind.com\\\/da\\\/\"},{\"@type\":\"ListItem\",\"position\":2,\"name\":\"Valsning op til 140mm\"}]},{\"@type\":\"WebSite\",\"@id\":\"https:\\\/\\\/titan-wind.com\\\/da\\\/#website\",\"url\":\"https:\\\/\\\/titan-wind.com\\\/da\\\/\",\"name\":\"Titan Wind Operational Support ApS\",\"description\":\"Titan er din p\u00e5lidelige partner inden for st\u00e5lkonstruktioner\",\"publisher\":{\"@id\":\"https:\\\/\\\/titan-wind.com\\\/da\\\/#organization\"},\"potentialAction\":[{\"@type\":\"SearchAction\",\"target\":{\"@type\":\"EntryPoint\",\"urlTemplate\":\"https:\\\/\\\/titan-wind.com\\\/da\\\/?s={search_term_string}\"},\"query-input\":{\"@type\":\"PropertyValueSpecification\",\"valueRequired\":true,\"valueName\":\"search_term_string\"}}],\"inLanguage\":\"da-DK\"},{\"@type\":\"Organization\",\"@id\":\"https:\\\/\\\/titan-wind.com\\\/da\\\/#organization\",\"name\":\"Titan Wind Operational Support ApS\",\"url\":\"https:\\\/\\\/titan-wind.com\\\/da\\\/\",\"logo\":{\"@type\":\"ImageObject\",\"inLanguage\":\"da-DK\",\"@id\":\"https:\\\/\\\/titan-wind.com\\\/da\\\/#\\\/schema\\\/logo\\\/image\\\/\",\"url\":\"https:\\\/\\\/titan-wind.com\\\/wp-content\\\/uploads\\\/2025\\\/09\\\/titan-wind-logo.png\",\"contentUrl\":\"https:\\\/\\\/titan-wind.com\\\/wp-content\\\/uploads\\\/2025\\\/09\\\/titan-wind-logo.png\",\"width\":946,\"height\":241,\"caption\":\"Titan Wind Operational Support ApS\"},\"image\":{\"@id\":\"https:\\\/\\\/titan-wind.com\\\/da\\\/#\\\/schema\\\/logo\\\/image\\\/\"}}]}<\/script>\n<!-- \/ Yoast SEO plugin. -->","yoast_head_json":{"title":"Valsning op til 140mm | Titan Wind Operational Support ApS","robots":{"index":"index","follow":"follow","max-snippet":"max-snippet:-1","max-image-preview":"max-image-preview:large","max-video-preview":"max-video-preview:-1"},"canonical":"https:\/\/titan-wind.com\/da\/valsning-op-til-140mm\/","og_locale":"da_DK","og_type":"article","og_title":"Valsning op til 140mm | Titan Wind Operational Support ApS","og_description":"Kvalitets Valsning af st\u00e5lkomponenter til vind og offshore Pr\u00e6cisionsvalsning af st\u00e5lkomponenter til vind- og offshore-applikationer. Vi h\u00e5ndterer store dimensioner og komplekse profiler med fokus p\u00e5 styrke, n\u00f8jagtighed og overfladekvalitet. Se cases","og_url":"https:\/\/titan-wind.com\/da\/valsning-op-til-140mm\/","og_site_name":"Titan Wind Operational Support ApS","article_modified_time":"2026-02-05T07:07:33+00:00","twitter_card":"summary_large_image","schema":{"@context":"https:\/\/schema.org","@graph":[{"@type":"WebPage","@id":"https:\/\/titan-wind.com\/da\/valsning-op-til-140mm\/","url":"https:\/\/titan-wind.com\/da\/valsning-op-til-140mm\/","name":"Valsning op til 140mm | Titan Wind Operational Support ApS","isPartOf":{"@id":"https:\/\/titan-wind.com\/da\/#website"},"primaryImageOfPage":{"@id":"https:\/\/titan-wind.com\/da\/valsning-op-til-140mm\/#primaryimage"},"image":{"@id":"https:\/\/titan-wind.com\/da\/valsning-op-til-140mm\/#primaryimage"},"thumbnailUrl":"https:\/\/titan-wind.com\/wp-content\/uploads\/2026\/02\/Rolling-scaled.jpg","datePublished":"2025-10-30T12:35:36+00:00","dateModified":"2026-02-05T07:07:33+00:00","breadcrumb":{"@id":"https:\/\/titan-wind.com\/da\/valsning-op-til-140mm\/#breadcrumb"},"inLanguage":"da-DK","potentialAction":[{"@type":"ReadAction","target":["https:\/\/titan-wind.com\/da\/valsning-op-til-140mm\/"]}]},{"@type":"ImageObject","inLanguage":"da-DK","@id":"https:\/\/titan-wind.com\/da\/valsning-op-til-140mm\/#primaryimage","url":"https:\/\/titan-wind.com\/wp-content\/uploads\/2026\/02\/Rolling-scaled.jpg","contentUrl":"https:\/\/titan-wind.com\/wp-content\/uploads\/2026\/02\/Rolling-scaled.jpg","width":2048,"height":761},{"@type":"BreadcrumbList","@id":"https:\/\/titan-wind.com\/da\/valsning-op-til-140mm\/#breadcrumb","itemListElement":[{"@type":"ListItem","position":1,"name":"Forside","item":"https:\/\/titan-wind.com\/da\/"},{"@type":"ListItem","position":2,"name":"Valsning op til 140mm"}]},{"@type":"WebSite","@id":"https:\/\/titan-wind.com\/da\/#website","url":"https:\/\/titan-wind.com\/da\/","name":"Titan Wind Operational Support ApS","description":"Titan er din p\u00e5lidelige partner inden for st\u00e5lkonstruktioner","publisher":{"@id":"https:\/\/titan-wind.com\/da\/#organization"},"potentialAction":[{"@type":"SearchAction","target":{"@type":"EntryPoint","urlTemplate":"https:\/\/titan-wind.com\/da\/?s={search_term_string}"},"query-input":{"@type":"PropertyValueSpecification","valueRequired":true,"valueName":"search_term_string"}}],"inLanguage":"da-DK"},{"@type":"Organization","@id":"https:\/\/titan-wind.com\/da\/#organization","name":"Titan Wind Operational Support ApS","url":"https:\/\/titan-wind.com\/da\/","logo":{"@type":"ImageObject","inLanguage":"da-DK","@id":"https:\/\/titan-wind.com\/da\/#\/schema\/logo\/image\/","url":"https:\/\/titan-wind.com\/wp-content\/uploads\/2025\/09\/titan-wind-logo.png","contentUrl":"https:\/\/titan-wind.com\/wp-content\/uploads\/2025\/09\/titan-wind-logo.png","width":946,"height":241,"caption":"Titan Wind Operational Support ApS"},"image":{"@id":"https:\/\/titan-wind.com\/da\/#\/schema\/logo\/image\/"}}]}},"_links":{"self":[{"href":"https:\/\/titan-wind.com\/da\/wp-json\/wp\/v2\/pages\/10811","targetHints":{"allow":["GET"]}}],"collection":[{"href":"https:\/\/titan-wind.com\/da\/wp-json\/wp\/v2\/pages"}],"about":[{"href":"https:\/\/titan-wind.com\/da\/wp-json\/wp\/v2\/types\/page"}],"author":[{"embeddable":true,"href":"https:\/\/titan-wind.com\/da\/wp-json\/wp\/v2\/users\/5"}],"replies":[{"embeddable":true,"href":"https:\/\/titan-wind.com\/da\/wp-json\/wp\/v2\/comments?post=10811"}],"version-history":[{"count":8,"href":"https:\/\/titan-wind.com\/da\/wp-json\/wp\/v2\/pages\/10811\/revisions"}],"predecessor-version":[{"id":11350,"href":"https:\/\/titan-wind.com\/da\/wp-json\/wp\/v2\/pages\/10811\/revisions\/11350"}],"wp:featuredmedia":[{"embeddable":true,"href":"https:\/\/titan-wind.com\/da\/wp-json\/wp\/v2\/media\/11485"}],"wp:attachment":[{"href":"https:\/\/titan-wind.com\/da\/wp-json\/wp\/v2\/media?parent=10811"}],"wp:term":[{"taxonomy":"category","embeddable":true,"href":"https:\/\/titan-wind.com\/da\/wp-json\/wp\/v2\/categories?post=10811"}],"curies":[{"name":"wp","href":"https:\/\/api.w.org\/{rel}","templated":true}]}}