{"id":10852,"date":"2025-10-30T13:29:58","date_gmt":"2025-10-30T12:29:58","guid":{"rendered":"https:\/\/titan-wind.com\/vaerktoejer\/"},"modified":"2026-02-05T07:59:28","modified_gmt":"2026-02-05T06:59:28","slug":"vaerktoej","status":"publish","type":"page","link":"https:\/\/titan-wind.com\/da\/vaerktoej\/","title":{"rendered":"V\u00e6rkt\u00f8j"},"content":{"rendered":"\t\t<div data-elementor-type=\"wp-page\" data-elementor-id=\"10852\" class=\"elementor elementor-10852 elementor-10042\" data-elementor-post-type=\"page\">\n\t\t\t\t<div class=\"elementor-element elementor-element-6bf877c6 e-con-full e-flex e-con e-parent\" data-id=\"6bf877c6\" data-element_type=\"container\">\n\t\t\t\t<div class=\"elementor-element elementor-element-767932d4 elementor-widget elementor-widget-template\" data-id=\"767932d4\" data-element_type=\"widget\" data-widget_type=\"template.default\">\n\t\t\t\t<div class=\"elementor-widget-container\">\n\t\t\t\t\t\t\t<div class=\"elementor-template\">\n\t\t\t\t\t<div data-elementor-type=\"container\" data-elementor-id=\"11092\" class=\"elementor elementor-11092 elementor-6563\" data-elementor-post-type=\"elementor_library\">\n\t\t\t\t<div class=\"elementor-element elementor-element-6b499f1f e-con-full no-padding e-flex e-con e-parent\" data-id=\"6b499f1f\" data-element_type=\"container\">\n\t\t\t\t<div class=\"elementor-element elementor-element-1ecbb66 elementor-widget elementor-widget-template\" data-id=\"1ecbb66\" data-element_type=\"widget\" data-widget_type=\"template.default\">\n\t\t\t\t<div class=\"elementor-widget-container\">\n\t\t\t\t\t\t\t<div class=\"elementor-template\">\n\t\t\t\t\t<div data-elementor-type=\"container\" data-elementor-id=\"10938\" class=\"elementor elementor-10938 elementor-6542\" data-elementor-post-type=\"elementor_library\">\n\t\t\t\t<div class=\"elementor-element elementor-element-3cf4cf35 white e-flex e-con-boxed e-con e-parent\" data-id=\"3cf4cf35\" data-element_type=\"container\" data-settings=\"{&quot;background_background&quot;:&quot;classic&quot;}\">\n\t\t\t\t\t<div class=\"e-con-inner\">\n\t\t<div class=\"elementor-element elementor-element-6e3e884e e-con-full e-flex e-con e-child\" data-id=\"6e3e884e\" data-element_type=\"container\">\n\t\t\t\t<\/div>\n\t\t\t\t\t<\/div>\n\t\t\t\t<\/div>\n\t\t\t\t<\/div>\n\t\t\t\t<\/div>\n\t\t\t\t\t\t<\/div>\n\t\t\t\t<\/div>\n\t\t\t\t<\/div>\n\t\t\t\t<\/div>\n\t\t\t\t<\/div>\n\t\t\t\t\t\t<\/div>\n\t\t\t\t<\/div>\n\t\t\t\t<\/div>\n\t\t<div class=\"elementor-element elementor-element-519a81ef e-flex e-con-boxed e-con e-parent\" data-id=\"519a81ef\" data-element_type=\"container\">\n\t\t\t\t\t<div class=\"e-con-inner\">\n\t\t<div class=\"elementor-element elementor-element-4c7a4cc2 e-con-full e-flex e-con e-child\" data-id=\"4c7a4cc2\" data-element_type=\"container\">\n\t\t\t\t<div class=\"elementor-element elementor-element-773cfd0d elementor-widget elementor-widget-heading\" data-id=\"773cfd0d\" data-element_type=\"widget\" data-widget_type=\"heading.default\">\n\t\t\t\t<div class=\"elementor-widget-container\">\n\t\t\t\t\t<h2 class=\"elementor-heading-title elementor-size-default\">Specialfremstillet udstyr til h\u00e5ndtering af vindm\u00f8ller<\/h2>\t\t\t\t<\/div>\n\t\t\t\t<\/div>\n\t\t\t\t<\/div>\n\t\t<div class=\"elementor-element elementor-element-7ef7e5e6 e-con-full e-flex e-con e-child\" data-id=\"7ef7e5e6\" data-element_type=\"container\">\n\t\t\t\t<div class=\"elementor-element elementor-element-48d4c012 elementor-widget elementor-widget-text-editor\" data-id=\"48d4c012\" data-element_type=\"widget\" data-widget_type=\"text-editor.default\">\n\t\t\t\t<div class=\"elementor-widget-container\">\n\t\t\t\t\t\t\t\t\t<p>Specialv\u00e6rkt\u00f8j og udstyr til sikker og effektiv h\u00e5ndtering, transport og installation af vindm\u00f8llekomponenter.<\/p>\t\t\t\t\t\t\t\t<\/div>\n\t\t\t\t<\/div>\n\t\t\t\t<div class=\"elementor-element elementor-element-26c20ae e-transform elementor-widget elementor-widget-button\" data-id=\"26c20ae\" data-element_type=\"widget\" data-settings=\"{&quot;_transform_scale_effect&quot;:{&quot;unit&quot;:&quot;px&quot;,&quot;size&quot;:&quot;&quot;,&quot;sizes&quot;:[]},&quot;_transform_scale_effect_laptop&quot;:{&quot;unit&quot;:&quot;px&quot;,&quot;size&quot;:&quot;&quot;,&quot;sizes&quot;:[]},&quot;_transform_scale_effect_tablet&quot;:{&quot;unit&quot;:&quot;px&quot;,&quot;size&quot;:&quot;&quot;,&quot;sizes&quot;:[]},&quot;_transform_scale_effect_mobile&quot;:{&quot;unit&quot;:&quot;px&quot;,&quot;size&quot;:&quot;&quot;,&quot;sizes&quot;:[]}}\" data-widget_type=\"button.default\">\n\t\t\t\t<div class=\"elementor-widget-container\">\n\t\t\t\t\t\t\t\t\t<div class=\"elementor-button-wrapper\">\n\t\t\t\t\t<a class=\"elementor-button elementor-button-link elementor-size-sm\" href=\"https:\/\/titan-wind.com\/da\/cases\/\">\n\t\t\t\t\t\t<span class=\"elementor-button-content-wrapper\">\n\t\t\t\t\t\t<span class=\"elementor-button-icon\">\n\t\t\t\t<i aria-hidden=\"true\" class=\"far fa-long-arrow-right\"><\/i>\t\t\t<\/span>\n\t\t\t\t\t\t\t\t\t<span class=\"elementor-button-text\">Se cases<\/span>\n\t\t\t\t\t<\/span>\n\t\t\t\t\t<\/a>\n\t\t\t\t<\/div>\n\t\t\t\t\t\t\t\t<\/div>\n\t\t\t\t<\/div>\n\t\t\t\t<\/div>\n\t\t\t\t\t<\/div>\n\t\t\t\t<\/div>\n\t\t\t\t<\/div>\n\t\t","protected":false},"excerpt":{"rendered":"<p>Specialfremstillet udstyr til h\u00e5ndtering af vindm\u00f8ller Specialv\u00e6rkt\u00f8j og udstyr til sikker og effektiv h\u00e5ndtering, transport og installation af vindm\u00f8llekomponenter. Se cases<\/p>\n","protected":false},"author":5,"featured_media":0,"parent":0,"menu_order":1001,"comment_status":"closed","ping_status":"closed","template":"","meta":{"_acf_changed":false,"footnotes":""},"categories":[],"class_list":["post-10852","page","type-page","status-publish"],"acf":[],"yoast_head":"<!-- This site is optimized with the Yoast SEO plugin v27.3 - https:\/\/yoast.com\/product\/yoast-seo-wordpress\/ -->\n<title>V\u00e6rkt\u00f8j | Titan Wind Operational Support ApS<\/title>\n<meta name=\"robots\" content=\"index, follow, max-snippet:-1, max-image-preview:large, max-video-preview:-1\" \/>\n<link rel=\"canonical\" href=\"https:\/\/titan-wind.com\/da\/vaerktoej\/\" \/>\n<meta property=\"og:locale\" content=\"da_DK\" \/>\n<meta property=\"og:type\" content=\"article\" \/>\n<meta property=\"og:title\" content=\"V\u00e6rkt\u00f8j | Titan Wind Operational Support ApS\" \/>\n<meta property=\"og:description\" content=\"Specialfremstillet udstyr til h\u00e5ndtering af vindm\u00f8ller Specialv\u00e6rkt\u00f8j og udstyr til sikker og effektiv h\u00e5ndtering, transport og installation af vindm\u00f8llekomponenter. Se cases\" \/>\n<meta property=\"og:url\" content=\"https:\/\/titan-wind.com\/da\/vaerktoej\/\" \/>\n<meta property=\"og:site_name\" content=\"Titan Wind Operational Support ApS\" \/>\n<meta property=\"article:modified_time\" content=\"2026-02-05T06:59:28+00:00\" \/>\n<meta name=\"twitter:card\" content=\"summary_large_image\" \/>\n<script type=\"application\/ld+json\" class=\"yoast-schema-graph\">{\"@context\":\"https:\\\/\\\/schema.org\",\"@graph\":[{\"@type\":\"WebPage\",\"@id\":\"https:\\\/\\\/titan-wind.com\\\/da\\\/vaerktoej\\\/\",\"url\":\"https:\\\/\\\/titan-wind.com\\\/da\\\/vaerktoej\\\/\",\"name\":\"V\u00e6rkt\u00f8j | Titan Wind Operational Support ApS\",\"isPartOf\":{\"@id\":\"https:\\\/\\\/titan-wind.com\\\/da\\\/#website\"},\"datePublished\":\"2025-10-30T12:29:58+00:00\",\"dateModified\":\"2026-02-05T06:59:28+00:00\",\"breadcrumb\":{\"@id\":\"https:\\\/\\\/titan-wind.com\\\/da\\\/vaerktoej\\\/#breadcrumb\"},\"inLanguage\":\"da-DK\",\"potentialAction\":[{\"@type\":\"ReadAction\",\"target\":[\"https:\\\/\\\/titan-wind.com\\\/da\\\/vaerktoej\\\/\"]}]},{\"@type\":\"BreadcrumbList\",\"@id\":\"https:\\\/\\\/titan-wind.com\\\/da\\\/vaerktoej\\\/#breadcrumb\",\"itemListElement\":[{\"@type\":\"ListItem\",\"position\":1,\"name\":\"Forside\",\"item\":\"https:\\\/\\\/titan-wind.com\\\/da\\\/\"},{\"@type\":\"ListItem\",\"position\":2,\"name\":\"V\u00e6rkt\u00f8j\"}]},{\"@type\":\"WebSite\",\"@id\":\"https:\\\/\\\/titan-wind.com\\\/da\\\/#website\",\"url\":\"https:\\\/\\\/titan-wind.com\\\/da\\\/\",\"name\":\"Titan Wind Operational Support ApS\",\"description\":\"Titan er din p\u00e5lidelige partner inden for st\u00e5lkonstruktioner\",\"publisher\":{\"@id\":\"https:\\\/\\\/titan-wind.com\\\/da\\\/#organization\"},\"potentialAction\":[{\"@type\":\"SearchAction\",\"target\":{\"@type\":\"EntryPoint\",\"urlTemplate\":\"https:\\\/\\\/titan-wind.com\\\/da\\\/?s={search_term_string}\"},\"query-input\":{\"@type\":\"PropertyValueSpecification\",\"valueRequired\":true,\"valueName\":\"search_term_string\"}}],\"inLanguage\":\"da-DK\"},{\"@type\":\"Organization\",\"@id\":\"https:\\\/\\\/titan-wind.com\\\/da\\\/#organization\",\"name\":\"Titan Wind Operational Support ApS\",\"url\":\"https:\\\/\\\/titan-wind.com\\\/da\\\/\",\"logo\":{\"@type\":\"ImageObject\",\"inLanguage\":\"da-DK\",\"@id\":\"https:\\\/\\\/titan-wind.com\\\/da\\\/#\\\/schema\\\/logo\\\/image\\\/\",\"url\":\"https:\\\/\\\/titan-wind.com\\\/wp-content\\\/uploads\\\/2025\\\/09\\\/titan-wind-logo.png\",\"contentUrl\":\"https:\\\/\\\/titan-wind.com\\\/wp-content\\\/uploads\\\/2025\\\/09\\\/titan-wind-logo.png\",\"width\":946,\"height\":241,\"caption\":\"Titan Wind Operational Support ApS\"},\"image\":{\"@id\":\"https:\\\/\\\/titan-wind.com\\\/da\\\/#\\\/schema\\\/logo\\\/image\\\/\"}}]}<\/script>\n<!-- \/ Yoast SEO plugin. -->","yoast_head_json":{"title":"V\u00e6rkt\u00f8j | Titan Wind Operational Support ApS","robots":{"index":"index","follow":"follow","max-snippet":"max-snippet:-1","max-image-preview":"max-image-preview:large","max-video-preview":"max-video-preview:-1"},"canonical":"https:\/\/titan-wind.com\/da\/vaerktoej\/","og_locale":"da_DK","og_type":"article","og_title":"V\u00e6rkt\u00f8j | Titan Wind Operational Support ApS","og_description":"Specialfremstillet udstyr til h\u00e5ndtering af vindm\u00f8ller Specialv\u00e6rkt\u00f8j og udstyr til sikker og effektiv h\u00e5ndtering, transport og installation af vindm\u00f8llekomponenter. Se cases","og_url":"https:\/\/titan-wind.com\/da\/vaerktoej\/","og_site_name":"Titan Wind Operational Support ApS","article_modified_time":"2026-02-05T06:59:28+00:00","twitter_card":"summary_large_image","schema":{"@context":"https:\/\/schema.org","@graph":[{"@type":"WebPage","@id":"https:\/\/titan-wind.com\/da\/vaerktoej\/","url":"https:\/\/titan-wind.com\/da\/vaerktoej\/","name":"V\u00e6rkt\u00f8j | Titan Wind Operational Support ApS","isPartOf":{"@id":"https:\/\/titan-wind.com\/da\/#website"},"datePublished":"2025-10-30T12:29:58+00:00","dateModified":"2026-02-05T06:59:28+00:00","breadcrumb":{"@id":"https:\/\/titan-wind.com\/da\/vaerktoej\/#breadcrumb"},"inLanguage":"da-DK","potentialAction":[{"@type":"ReadAction","target":["https:\/\/titan-wind.com\/da\/vaerktoej\/"]}]},{"@type":"BreadcrumbList","@id":"https:\/\/titan-wind.com\/da\/vaerktoej\/#breadcrumb","itemListElement":[{"@type":"ListItem","position":1,"name":"Forside","item":"https:\/\/titan-wind.com\/da\/"},{"@type":"ListItem","position":2,"name":"V\u00e6rkt\u00f8j"}]},{"@type":"WebSite","@id":"https:\/\/titan-wind.com\/da\/#website","url":"https:\/\/titan-wind.com\/da\/","name":"Titan Wind Operational Support ApS","description":"Titan er din p\u00e5lidelige partner inden for st\u00e5lkonstruktioner","publisher":{"@id":"https:\/\/titan-wind.com\/da\/#organization"},"potentialAction":[{"@type":"SearchAction","target":{"@type":"EntryPoint","urlTemplate":"https:\/\/titan-wind.com\/da\/?s={search_term_string}"},"query-input":{"@type":"PropertyValueSpecification","valueRequired":true,"valueName":"search_term_string"}}],"inLanguage":"da-DK"},{"@type":"Organization","@id":"https:\/\/titan-wind.com\/da\/#organization","name":"Titan Wind Operational Support ApS","url":"https:\/\/titan-wind.com\/da\/","logo":{"@type":"ImageObject","inLanguage":"da-DK","@id":"https:\/\/titan-wind.com\/da\/#\/schema\/logo\/image\/","url":"https:\/\/titan-wind.com\/wp-content\/uploads\/2025\/09\/titan-wind-logo.png","contentUrl":"https:\/\/titan-wind.com\/wp-content\/uploads\/2025\/09\/titan-wind-logo.png","width":946,"height":241,"caption":"Titan Wind Operational Support ApS"},"image":{"@id":"https:\/\/titan-wind.com\/da\/#\/schema\/logo\/image\/"}}]}},"_links":{"self":[{"href":"https:\/\/titan-wind.com\/da\/wp-json\/wp\/v2\/pages\/10852","targetHints":{"allow":["GET"]}}],"collection":[{"href":"https:\/\/titan-wind.com\/da\/wp-json\/wp\/v2\/pages"}],"about":[{"href":"https:\/\/titan-wind.com\/da\/wp-json\/wp\/v2\/types\/page"}],"author":[{"embeddable":true,"href":"https:\/\/titan-wind.com\/da\/wp-json\/wp\/v2\/users\/5"}],"replies":[{"embeddable":true,"href":"https:\/\/titan-wind.com\/da\/wp-json\/wp\/v2\/comments?post=10852"}],"version-history":[{"count":4,"href":"https:\/\/titan-wind.com\/da\/wp-json\/wp\/v2\/pages\/10852\/revisions"}],"predecessor-version":[{"id":11345,"href":"https:\/\/titan-wind.com\/da\/wp-json\/wp\/v2\/pages\/10852\/revisions\/11345"}],"wp:attachment":[{"href":"https:\/\/titan-wind.com\/da\/wp-json\/wp\/v2\/media?parent=10852"}],"wp:term":[{"taxonomy":"category","embeddable":true,"href":"https:\/\/titan-wind.com\/da\/wp-json\/wp\/v2\/categories?post=10852"}],"curies":[{"name":"wp","href":"https:\/\/api.w.org\/{rel}","templated":true}]}}