{"id":10918,"date":"2025-09-09T12:48:13","date_gmt":"2025-09-09T10:48:13","guid":{"rendered":"https:\/\/titan-wind.com\/dienstleistungen\/"},"modified":"2026-01-21T08:22:54","modified_gmt":"2026-01-21T07:22:54","slug":"dienstleistungen","status":"publish","type":"page","link":"https:\/\/titan-wind.com\/de\/dienstleistungen\/","title":{"rendered":"Dienstleistungen"},"content":{"rendered":"\t\t<div data-elementor-type=\"wp-page\" data-elementor-id=\"10918\" class=\"elementor elementor-10918 elementor-9665\" data-elementor-post-type=\"page\">\n\t\t\t\t<div class=\"elementor-element elementor-element-30762b3 e-con-full e-flex e-con e-parent\" data-id=\"30762b3\" data-element_type=\"container\">\n\t\t\t\t<div class=\"elementor-element elementor-element-1333a9f elementor-widget elementor-widget-template\" data-id=\"1333a9f\" data-element_type=\"widget\" data-widget_type=\"template.default\">\n\t\t\t\t<div class=\"elementor-widget-container\">\n\t\t\t\t\t\t\t<div class=\"elementor-template\">\n\t\t\t\t\t<div data-elementor-type=\"container\" data-elementor-id=\"11090\" class=\"elementor elementor-11090 elementor-6563\" data-elementor-post-type=\"elementor_library\">\n\t\t\t\t<div class=\"elementor-element elementor-element-6b499f1f e-con-full no-padding e-flex e-con e-parent\" data-id=\"6b499f1f\" data-element_type=\"container\">\n\t\t\t\t<div class=\"elementor-element elementor-element-1ecbb66 elementor-widget elementor-widget-template\" data-id=\"1ecbb66\" data-element_type=\"widget\" data-widget_type=\"template.default\">\n\t\t\t\t<div class=\"elementor-widget-container\">\n\t\t\t\t\t\t\t<div class=\"elementor-template\">\n\t\t\t\t\t<div data-elementor-type=\"container\" data-elementor-id=\"10934\" class=\"elementor elementor-10934 elementor-6542\" data-elementor-post-type=\"elementor_library\">\n\t\t\t\t<div class=\"elementor-element elementor-element-3cf4cf35 white e-flex e-con-boxed e-con e-parent\" data-id=\"3cf4cf35\" data-element_type=\"container\" data-settings=\"{&quot;background_background&quot;:&quot;classic&quot;}\">\n\t\t\t\t\t<div class=\"e-con-inner\">\n\t\t<div class=\"elementor-element elementor-element-6e3e884e e-con-full e-flex e-con e-child\" data-id=\"6e3e884e\" data-element_type=\"container\">\n\t\t\t\t<\/div>\n\t\t\t\t\t<\/div>\n\t\t\t\t<\/div>\n\t\t\t\t<\/div>\n\t\t\t\t<\/div>\n\t\t\t\t\t\t<\/div>\n\t\t\t\t<\/div>\n\t\t\t\t<\/div>\n\t\t\t\t<\/div>\n\t\t\t\t<\/div>\n\t\t\t\t\t\t<\/div>\n\t\t\t\t<\/div>\n\t\t\t\t<\/div>\n\t\t<div class=\"elementor-element elementor-element-63335b73 e-flex e-con-boxed e-con e-parent\" data-id=\"63335b73\" data-element_type=\"container\">\n\t\t\t\t\t<div class=\"e-con-inner\">\n\t\t<div class=\"elementor-element elementor-element-76d94e06 e-con-full e-flex e-con e-child\" data-id=\"76d94e06\" data-element_type=\"container\">\n\t\t\t\t<div class=\"elementor-element elementor-element-76b4e8f3 elementor-widget elementor-widget-heading\" data-id=\"76b4e8f3\" data-element_type=\"widget\" data-widget_type=\"heading.default\">\n\t\t\t\t<div class=\"elementor-widget-container\">\n\t\t\t\t\t<h2 class=\"elementor-heading-title elementor-size-default\">Unsere Dienstleistungen<\/h2>\t\t\t\t<\/div>\n\t\t\t\t<\/div>\n\t\t\t\t<\/div>\n\t\t<div class=\"elementor-element elementor-element-359cfb0f e-con-full e-flex e-con e-child\" data-id=\"359cfb0f\" data-element_type=\"container\">\n\t\t\t\t<div class=\"elementor-element elementor-element-2fff96be elementor-widget elementor-widget-text-editor\" data-id=\"2fff96be\" data-element_type=\"widget\" data-widget_type=\"text-editor.default\">\n\t\t\t\t<div class=\"elementor-widget-container\">\n\t\t\t\t\t\t\t\t\t<p>Titan Wind Operational Support verf\u00fcgt \u00fcber eine Produktionsst\u00e4tte in Varde mit gro\u00dfer Kapazit\u00e4t und zahlreichen M\u00f6glichkeiten f\u00fcr die Handhabung komplexer und gro\u00dfer Stahlkonstruktionen.<\/p><p>Alle unsere Mitarbeiter verf\u00fcgen \u00fcber langj\u00e4hrige Erfahrung und sind bestrebt, in allem, was wir tun, h\u00f6chste Qualit\u00e4t und Flexibilit\u00e4t zu bieten.<\/p><p>Bei uns steht der Kunde immer im Mittelpunkt.<\/p>\t\t\t\t\t\t\t\t<\/div>\n\t\t\t\t<\/div>\n\t\t\t\t<\/div>\n\t\t\t\t\t<\/div>\n\t\t\t\t<\/div>\n\t\t<div class=\"elementor-element elementor-element-02593b1 light e-flex e-con-boxed e-con e-parent\" data-id=\"02593b1\" data-element_type=\"container\">\n\t\t\t\t\t<div class=\"e-con-inner\">\n\t\t<div class=\"elementor-element elementor-element-c082467 e-con-full e-flex e-con e-child\" data-id=\"c082467\" data-element_type=\"container\">\n\t\t<div class=\"elementor-element elementor-element-1468e9a e-con-full e-flex e-con e-child\" data-id=\"1468e9a\" data-element_type=\"container\">\n\t\t\t\t<div class=\"elementor-element elementor-element-247cc07 elementor-widget elementor-widget-text-editor\" data-id=\"247cc07\" data-element_type=\"widget\" data-widget_type=\"text-editor.default\">\n\t\t\t\t<div class=\"elementor-widget-container\">\n\t\t\t\t\t\t\t\t\t<h2>Die M\u00f6glichkeiten der Produktionsanlagen in D\u00e4nemark sind<\/h2>\t\t\t\t\t\t\t\t<\/div>\n\t\t\t\t<\/div>\n\t\t\t\t<div class=\"elementor-element elementor-element-92832b5 elementor-widget elementor-widget-html\" data-id=\"92832b5\" data-element_type=\"widget\" data-widget_type=\"html.default\">\n\t\t\t\t<div class=\"elementor-widget-container\">\n\t\t\t\t\t<style>\r\n  .spec-table {\r\n    width: 100%;\r\n    margin: 0;\r\n    border-collapse: collapse;\r\n    font-family: Arial, sans-serif;\r\n  }\r\n  .spec-table th, .spec-table td {\r\n    border: 1px solid #ddd;\r\n    padding: 8px;\r\n  }\r\n  .spec-table th:nth-child(1) {\r\n    text-align: left;\r\n  }\r\n  .spec-table th:nth-child(2) {\r\n    text-align: right;\r\n  }\r\n  .spec-table td:nth-child(2) {\r\n    text-align: right;\r\n  }\r\n\r\n  @media screen and (max-width: 600px) {\r\n    .spec-table thead {\r\n      display: none;\r\n    }\r\n    .spec-table, .spec-table tbody, .spec-table tr, .spec-table td {\r\n      display: block;\r\n      width: 100%;\r\n    }\r\n    .spec-table tr {\r\n      border-bottom: 2px solid #ddd;\r\n    }\r\n    .spec-table td {\r\n      padding-left: 50%;\r\n      position: relative;\r\n      text-align: right;\r\n    }\r\n    .spec-table td::before {\r\n      content: attr(data-label);\r\n      position: absolute;\r\n      left: 0;\r\n      width: 50%;\r\n      padding-left: 15px;\r\n      font-weight: bold;\r\n      text-align: left;\r\n    }\r\n  }\r\n<\/style>\r\n<table class=\"spec-table\">\r\n  <thead>\r\n    <tr>\r\n      <th>Spezifikation<\/th>\r\n <th>Wert<\/th>\r\n    <\/tr>\r\n  <\/thead>\r\n  <tbody>\r\n    <tr>\r\n      <td data-label=\"Specification\">Maximale L\u00e4nge<\/td>\r\n <td data-label=\"Value\">42 Meter<\/td>\r\n    <\/tr>\r\n    <tr>\r\n      <td data-label=\"Specification\">Maximale Breite<\/td>\r\n <td data-label=\"Value\">10 Meter<\/td>\r\n    <\/tr>\r\n    <tr>\r\n      <td data-label=\"Specification\">Maximale H\u00f6he<\/td>\r\n <td data-label=\"Value\">8,0 Meter<\/td>\r\n    <\/tr>\r\n    <tr>\r\n      <td data-label=\"Specification\">Maximale H\u00f6he unter dem Kranhaken<\/td>\r\n <td data-label=\"Value\">6,5 Meter<\/td>\r\n    <\/tr>\r\n    <tr>\r\n      <td data-label=\"Specification\">Maximalgewicht<\/td>\r\n <td data-label=\"Value\">120 Tonnen<\/td>\r\n    <\/tr>\r\n    <tr>\r\n      <td data-label=\"Specification\">Maximaler Durchmesser<\/td>\r\n <td data-label=\"Value\">5,5 Meter<\/td>\r\n    <\/tr>\r\n    <tr>\r\n      <td data-label=\"Specification\">Maximale Blechdicke f\u00fcr das Walzen<\/td>\r\n <td data-label=\"Value\">120 Millimeter<\/td>\r\n    <\/tr>\r\n  <\/tbody>\r\n<\/table>\t\t\t\t<\/div>\n\t\t\t\t<\/div>\n\t\t\t\t<\/div>\n\t\t<div class=\"elementor-element elementor-element-ab6385a e-con-full e-flex e-con e-child\" data-id=\"ab6385a\" data-element_type=\"container\" data-settings=\"{&quot;background_background&quot;:&quot;classic&quot;}\">\n\t\t\t\t<\/div>\n\t\t\t\t<\/div>\n\t\t\t\t\t<\/div>\n\t\t\t\t<\/div>\n\t\t\t\t<\/div>\n\t\t","protected":false},"excerpt":{"rendered":"<p>Unsere Dienstleistungen Titan Wind Operational Support verf\u00fcgt \u00fcber eine Produktionsst\u00e4tte in Varde mit gro\u00dfer Kapazit\u00e4t und zahlreichen M\u00f6glichkeiten f\u00fcr die Handhabung komplexer und gro\u00dfer Stahlkonstruktionen. Alle unsere Mitarbeiter verf\u00fcgen \u00fcber langj\u00e4hrige Erfahrung und sind bestrebt, in allem, was wir tun, h\u00f6chste Qualit\u00e4t und Flexibilit\u00e4t zu bieten. Bei uns steht der Kunde immer im Mittelpunkt. Die &#8230; <a title=\"Dienstleistungen\" class=\"read-more\" href=\"https:\/\/titan-wind.com\/de\/dienstleistungen\/\" aria-label=\"Mehr Informationen \u00fcber Dienstleistungen\">Weiterlesen &#8230;<\/a><\/p>\n","protected":false},"author":1,"featured_media":0,"parent":0,"menu_order":0,"comment_status":"closed","ping_status":"closed","template":"","meta":{"_acf_changed":false,"footnotes":""},"categories":[],"class_list":["post-10918","page","type-page","status-publish"],"acf":[],"yoast_head":"<!-- This site is optimized with the Yoast SEO plugin v27.4 - https:\/\/yoast.com\/product\/yoast-seo-wordpress\/ -->\n<title>Dienstleistungen \u00b7 Titan Wind Operational Support ApS<\/title>\n<meta name=\"robots\" content=\"index, follow, max-snippet:-1, max-image-preview:large, max-video-preview:-1\" \/>\n<link rel=\"canonical\" href=\"https:\/\/titan-wind.com\/de\/dienstleistungen\/\" \/>\n<meta property=\"og:locale\" content=\"de_DE\" \/>\n<meta property=\"og:type\" content=\"article\" \/>\n<meta property=\"og:title\" content=\"Dienstleistungen \u00b7 Titan Wind Operational Support ApS\" \/>\n<meta property=\"og:description\" content=\"Unsere Dienstleistungen Titan Wind Operational Support verf\u00fcgt \u00fcber eine Produktionsst\u00e4tte in Varde mit gro\u00dfer Kapazit\u00e4t und zahlreichen M\u00f6glichkeiten f\u00fcr die Handhabung komplexer und gro\u00dfer Stahlkonstruktionen. Alle unsere Mitarbeiter verf\u00fcgen \u00fcber langj\u00e4hrige Erfahrung und sind bestrebt, in allem, was wir tun, h\u00f6chste Qualit\u00e4t und Flexibilit\u00e4t zu bieten. Bei uns steht der Kunde immer im Mittelpunkt. Die ... Weiterlesen ...\" \/>\n<meta property=\"og:url\" content=\"https:\/\/titan-wind.com\/de\/dienstleistungen\/\" \/>\n<meta property=\"og:site_name\" content=\"Titan Wind Operational Support ApS\" \/>\n<meta property=\"article:modified_time\" content=\"2026-01-21T07:22:54+00:00\" \/>\n<meta name=\"twitter:card\" content=\"summary_large_image\" \/>\n<meta name=\"twitter:label1\" content=\"Gesch\u00e4tzte Lesezeit\" \/>\n\t<meta name=\"twitter:data1\" content=\"1\u00a0Minute\" \/>\n<script type=\"application\/ld+json\" class=\"yoast-schema-graph\">{\"@context\":\"https:\\\/\\\/schema.org\",\"@graph\":[{\"@type\":\"WebPage\",\"@id\":\"https:\\\/\\\/titan-wind.com\\\/de\\\/dienstleistungen\\\/\",\"url\":\"https:\\\/\\\/titan-wind.com\\\/de\\\/dienstleistungen\\\/\",\"name\":\"Dienstleistungen \u00b7 Titan Wind Operational Support ApS\",\"isPartOf\":{\"@id\":\"https:\\\/\\\/titan-wind.com\\\/de\\\/#website\"},\"datePublished\":\"2025-09-09T10:48:13+00:00\",\"dateModified\":\"2026-01-21T07:22:54+00:00\",\"breadcrumb\":{\"@id\":\"https:\\\/\\\/titan-wind.com\\\/de\\\/dienstleistungen\\\/#breadcrumb\"},\"inLanguage\":\"de\",\"potentialAction\":[{\"@type\":\"ReadAction\",\"target\":[\"https:\\\/\\\/titan-wind.com\\\/de\\\/dienstleistungen\\\/\"]}]},{\"@type\":\"BreadcrumbList\",\"@id\":\"https:\\\/\\\/titan-wind.com\\\/de\\\/dienstleistungen\\\/#breadcrumb\",\"itemListElement\":[{\"@type\":\"ListItem\",\"position\":1,\"name\":\"Forside\",\"item\":\"https:\\\/\\\/titan-wind.com\\\/de\\\/\"},{\"@type\":\"ListItem\",\"position\":2,\"name\":\"Dienstleistungen\"}]},{\"@type\":\"WebSite\",\"@id\":\"https:\\\/\\\/titan-wind.com\\\/de\\\/#website\",\"url\":\"https:\\\/\\\/titan-wind.com\\\/de\\\/\",\"name\":\"Titan Wind Operational Support ApS\",\"description\":\"Titan ist Ihr zuverl\u00e4ssiger Partner im Stahlbau\",\"publisher\":{\"@id\":\"https:\\\/\\\/titan-wind.com\\\/de\\\/#organization\"},\"potentialAction\":[{\"@type\":\"SearchAction\",\"target\":{\"@type\":\"EntryPoint\",\"urlTemplate\":\"https:\\\/\\\/titan-wind.com\\\/de\\\/?s={search_term_string}\"},\"query-input\":{\"@type\":\"PropertyValueSpecification\",\"valueRequired\":true,\"valueName\":\"search_term_string\"}}],\"inLanguage\":\"de\"},{\"@type\":\"Organization\",\"@id\":\"https:\\\/\\\/titan-wind.com\\\/de\\\/#organization\",\"name\":\"Titan Wind Operational Support ApS\",\"url\":\"https:\\\/\\\/titan-wind.com\\\/de\\\/\",\"logo\":{\"@type\":\"ImageObject\",\"inLanguage\":\"de\",\"@id\":\"https:\\\/\\\/titan-wind.com\\\/de\\\/#\\\/schema\\\/logo\\\/image\\\/\",\"url\":\"https:\\\/\\\/titan-wind.com\\\/wp-content\\\/uploads\\\/2025\\\/09\\\/titan-wind-logo.png\",\"contentUrl\":\"https:\\\/\\\/titan-wind.com\\\/wp-content\\\/uploads\\\/2025\\\/09\\\/titan-wind-logo.png\",\"width\":946,\"height\":241,\"caption\":\"Titan Wind Operational Support ApS\"},\"image\":{\"@id\":\"https:\\\/\\\/titan-wind.com\\\/de\\\/#\\\/schema\\\/logo\\\/image\\\/\"}}]}<\/script>\n<!-- \/ Yoast SEO plugin. -->","yoast_head_json":{"title":"Dienstleistungen \u00b7 Titan Wind Operational Support ApS","robots":{"index":"index","follow":"follow","max-snippet":"max-snippet:-1","max-image-preview":"max-image-preview:large","max-video-preview":"max-video-preview:-1"},"canonical":"https:\/\/titan-wind.com\/de\/dienstleistungen\/","og_locale":"de_DE","og_type":"article","og_title":"Dienstleistungen \u00b7 Titan Wind Operational Support ApS","og_description":"Unsere Dienstleistungen Titan Wind Operational Support verf\u00fcgt \u00fcber eine Produktionsst\u00e4tte in Varde mit gro\u00dfer Kapazit\u00e4t und zahlreichen M\u00f6glichkeiten f\u00fcr die Handhabung komplexer und gro\u00dfer Stahlkonstruktionen. Alle unsere Mitarbeiter verf\u00fcgen \u00fcber langj\u00e4hrige Erfahrung und sind bestrebt, in allem, was wir tun, h\u00f6chste Qualit\u00e4t und Flexibilit\u00e4t zu bieten. Bei uns steht der Kunde immer im Mittelpunkt. Die ... Weiterlesen ...","og_url":"https:\/\/titan-wind.com\/de\/dienstleistungen\/","og_site_name":"Titan Wind Operational Support ApS","article_modified_time":"2026-01-21T07:22:54+00:00","twitter_card":"summary_large_image","twitter_misc":{"Gesch\u00e4tzte Lesezeit":"1\u00a0Minute"},"schema":{"@context":"https:\/\/schema.org","@graph":[{"@type":"WebPage","@id":"https:\/\/titan-wind.com\/de\/dienstleistungen\/","url":"https:\/\/titan-wind.com\/de\/dienstleistungen\/","name":"Dienstleistungen \u00b7 Titan Wind Operational Support ApS","isPartOf":{"@id":"https:\/\/titan-wind.com\/de\/#website"},"datePublished":"2025-09-09T10:48:13+00:00","dateModified":"2026-01-21T07:22:54+00:00","breadcrumb":{"@id":"https:\/\/titan-wind.com\/de\/dienstleistungen\/#breadcrumb"},"inLanguage":"de","potentialAction":[{"@type":"ReadAction","target":["https:\/\/titan-wind.com\/de\/dienstleistungen\/"]}]},{"@type":"BreadcrumbList","@id":"https:\/\/titan-wind.com\/de\/dienstleistungen\/#breadcrumb","itemListElement":[{"@type":"ListItem","position":1,"name":"Forside","item":"https:\/\/titan-wind.com\/de\/"},{"@type":"ListItem","position":2,"name":"Dienstleistungen"}]},{"@type":"WebSite","@id":"https:\/\/titan-wind.com\/de\/#website","url":"https:\/\/titan-wind.com\/de\/","name":"Titan Wind Operational Support ApS","description":"Titan ist Ihr zuverl\u00e4ssiger Partner im Stahlbau","publisher":{"@id":"https:\/\/titan-wind.com\/de\/#organization"},"potentialAction":[{"@type":"SearchAction","target":{"@type":"EntryPoint","urlTemplate":"https:\/\/titan-wind.com\/de\/?s={search_term_string}"},"query-input":{"@type":"PropertyValueSpecification","valueRequired":true,"valueName":"search_term_string"}}],"inLanguage":"de"},{"@type":"Organization","@id":"https:\/\/titan-wind.com\/de\/#organization","name":"Titan Wind Operational Support ApS","url":"https:\/\/titan-wind.com\/de\/","logo":{"@type":"ImageObject","inLanguage":"de","@id":"https:\/\/titan-wind.com\/de\/#\/schema\/logo\/image\/","url":"https:\/\/titan-wind.com\/wp-content\/uploads\/2025\/09\/titan-wind-logo.png","contentUrl":"https:\/\/titan-wind.com\/wp-content\/uploads\/2025\/09\/titan-wind-logo.png","width":946,"height":241,"caption":"Titan Wind Operational Support ApS"},"image":{"@id":"https:\/\/titan-wind.com\/de\/#\/schema\/logo\/image\/"}}]}},"_links":{"self":[{"href":"https:\/\/titan-wind.com\/de\/wp-json\/wp\/v2\/pages\/10918","targetHints":{"allow":["GET"]}}],"collection":[{"href":"https:\/\/titan-wind.com\/de\/wp-json\/wp\/v2\/pages"}],"about":[{"href":"https:\/\/titan-wind.com\/de\/wp-json\/wp\/v2\/types\/page"}],"author":[{"embeddable":true,"href":"https:\/\/titan-wind.com\/de\/wp-json\/wp\/v2\/users\/1"}],"replies":[{"embeddable":true,"href":"https:\/\/titan-wind.com\/de\/wp-json\/wp\/v2\/comments?post=10918"}],"version-history":[{"count":2,"href":"https:\/\/titan-wind.com\/de\/wp-json\/wp\/v2\/pages\/10918\/revisions"}],"predecessor-version":[{"id":11232,"href":"https:\/\/titan-wind.com\/de\/wp-json\/wp\/v2\/pages\/10918\/revisions\/11232"}],"wp:attachment":[{"href":"https:\/\/titan-wind.com\/de\/wp-json\/wp\/v2\/media?parent=10918"}],"wp:term":[{"taxonomy":"category","embeddable":true,"href":"https:\/\/titan-wind.com\/de\/wp-json\/wp\/v2\/categories?post=10918"}],"curies":[{"name":"wp","href":"https:\/\/api.w.org\/{rel}","templated":true}]}}