{"id":11450,"date":"2026-02-05T07:48:21","date_gmt":"2026-02-05T06:48:21","guid":{"rendered":"https:\/\/titan-wind.com\/onshore\/"},"modified":"2026-02-27T14:01:32","modified_gmt":"2026-02-27T13:01:32","slug":"onshore","status":"publish","type":"page","link":"https:\/\/titan-wind.com\/de\/onshore\/","title":{"rendered":"Onshore"},"content":{"rendered":"\t\t<div data-elementor-type=\"wp-page\" data-elementor-id=\"11450\" class=\"elementor elementor-11450 elementor-11312\" data-elementor-post-type=\"page\">\n\t\t\t\t<div class=\"elementor-element elementor-element-aa53429 e-con-full e-flex e-con e-parent\" data-id=\"aa53429\" data-element_type=\"container\">\n\t\t\t\t<div class=\"elementor-element elementor-element-0f45b7c elementor-widget elementor-widget-template\" data-id=\"0f45b7c\" data-element_type=\"widget\" data-widget_type=\"template.default\">\n\t\t\t\t<div class=\"elementor-widget-container\">\n\t\t\t\t\t\t\t<div class=\"elementor-template\">\n\t\t\t\t\t<div data-elementor-type=\"container\" data-elementor-id=\"11090\" class=\"elementor elementor-11090 elementor-6563\" data-elementor-post-type=\"elementor_library\">\n\t\t\t\t<div class=\"elementor-element elementor-element-6b499f1f e-con-full no-padding e-flex e-con e-parent\" data-id=\"6b499f1f\" data-element_type=\"container\">\n\t\t\t\t<div class=\"elementor-element elementor-element-1ecbb66 elementor-widget elementor-widget-template\" data-id=\"1ecbb66\" data-element_type=\"widget\" data-widget_type=\"template.default\">\n\t\t\t\t<div class=\"elementor-widget-container\">\n\t\t\t\t\t\t\t<div class=\"elementor-template\">\n\t\t\t\t\t<div data-elementor-type=\"container\" data-elementor-id=\"10934\" class=\"elementor elementor-10934 elementor-6542\" data-elementor-post-type=\"elementor_library\">\n\t\t\t\t<div class=\"elementor-element elementor-element-3cf4cf35 white e-flex e-con-boxed e-con e-parent\" data-id=\"3cf4cf35\" data-element_type=\"container\" data-settings=\"{&quot;background_background&quot;:&quot;classic&quot;}\">\n\t\t\t\t\t<div class=\"e-con-inner\">\n\t\t<div class=\"elementor-element elementor-element-6e3e884e e-con-full e-flex e-con e-child\" data-id=\"6e3e884e\" data-element_type=\"container\">\n\t\t\t\t<\/div>\n\t\t\t\t\t<\/div>\n\t\t\t\t<\/div>\n\t\t\t\t<\/div>\n\t\t\t\t<\/div>\n\t\t\t\t\t\t<\/div>\n\t\t\t\t<\/div>\n\t\t\t\t<\/div>\n\t\t\t\t<\/div>\n\t\t\t\t<\/div>\n\t\t\t\t\t\t<\/div>\n\t\t\t\t<\/div>\n\t\t\t\t<\/div>\n\t\t<div class=\"elementor-element elementor-element-870f871 e-flex e-con-boxed e-con e-parent\" data-id=\"870f871\" data-element_type=\"container\">\n\t\t\t\t\t<div class=\"e-con-inner\">\n\t\t<div class=\"elementor-element elementor-element-5d11ba2 e-con-full e-flex e-con e-child\" data-id=\"5d11ba2\" data-element_type=\"container\">\n\t\t\t\t<div class=\"elementor-element elementor-element-bb8ca48 elementor-widget elementor-widget-heading\" data-id=\"bb8ca48\" data-element_type=\"widget\" data-widget_type=\"heading.default\">\n\t\t\t\t<div class=\"elementor-widget-container\">\n\t\t\t\t\t<h2 class=\"elementor-heading-title elementor-size-default\">Stahlkonstruktionen und Stahlkomponenten f\u00fcr die Onshore-Industrie<\/h2>\t\t\t\t<\/div>\n\t\t\t\t<\/div>\n\t\t\t\t<\/div>\n\t\t<div class=\"elementor-element elementor-element-c497250 e-con-full e-flex e-con e-child\" data-id=\"c497250\" data-element_type=\"container\">\n\t\t\t\t<div class=\"elementor-element elementor-element-0c0541f elementor-widget elementor-widget-text-editor\" data-id=\"0c0541f\" data-element_type=\"widget\" data-widget_type=\"text-editor.default\">\n\t\t\t\t<div class=\"elementor-widget-container\">\n\t\t\t\t\t\t\t\t\t<p>Wir sind auf die Lieferung robuster, qualit\u00e4tszertifizierter Stahlkomponenten f\u00fcr Onshore-Projekte spezialisiert. Mit Schwerpunkt auf Pr\u00e4zision, Langlebigkeit und flexibler Produktion bieten wir L\u00f6sungen, die genau auf die spezifischen Anforderungen unserer Kunden zugeschnitten sind \u2013 unabh\u00e4ngig von der Projektgr\u00f6\u00dfe. <\/p>\t\t\t\t\t\t\t\t<\/div>\n\t\t\t\t<\/div>\n\t\t\t\t<div class=\"elementor-element elementor-element-55dd041 e-transform elementor-widget elementor-widget-button\" data-id=\"55dd041\" data-element_type=\"widget\" data-settings=\"{&quot;_transform_scale_effect&quot;:{&quot;unit&quot;:&quot;px&quot;,&quot;size&quot;:&quot;&quot;,&quot;sizes&quot;:[]},&quot;_transform_scale_effect_laptop&quot;:{&quot;unit&quot;:&quot;px&quot;,&quot;size&quot;:&quot;&quot;,&quot;sizes&quot;:[]},&quot;_transform_scale_effect_tablet&quot;:{&quot;unit&quot;:&quot;px&quot;,&quot;size&quot;:&quot;&quot;,&quot;sizes&quot;:[]},&quot;_transform_scale_effect_mobile&quot;:{&quot;unit&quot;:&quot;px&quot;,&quot;size&quot;:&quot;&quot;,&quot;sizes&quot;:[]}}\" data-widget_type=\"button.default\">\n\t\t\t\t<div class=\"elementor-widget-container\">\n\t\t\t\t\t\t\t\t\t<div class=\"elementor-button-wrapper\">\n\t\t\t\t\t<a class=\"elementor-button elementor-button-link elementor-size-sm\" href=\"https:\/\/titan-wind.com\/de\/faelle\/\">\n\t\t\t\t\t\t<span class=\"elementor-button-content-wrapper\">\n\t\t\t\t\t\t<span class=\"elementor-button-icon\">\n\t\t\t\t<i aria-hidden=\"true\" class=\"far fa-long-arrow-right\"><\/i>\t\t\t<\/span>\n\t\t\t\t\t\t\t\t\t<span class=\"elementor-button-text\">Siehe F\u00e4lle<\/span>\n\t\t\t\t\t<\/span>\n\t\t\t\t\t<\/a>\n\t\t\t\t<\/div>\n\t\t\t\t\t\t\t\t<\/div>\n\t\t\t\t<\/div>\n\t\t\t\t<\/div>\n\t\t\t\t\t<\/div>\n\t\t\t\t<\/div>\n\t\t<div class=\"elementor-element elementor-element-5554d24 light e-flex e-con-boxed e-con e-parent\" data-id=\"5554d24\" data-element_type=\"container\">\n\t\t\t\t\t<div class=\"e-con-inner\">\n\t\t<div class=\"elementor-element elementor-element-0c91d02 e-con-full e-flex e-con e-child\" data-id=\"0c91d02\" data-element_type=\"container\">\n\t\t\t\t<div class=\"elementor-element elementor-element-0677449 elementor-widget elementor-widget-gallery\" data-id=\"0677449\" data-element_type=\"widget\" data-settings=\"{&quot;gallery_layout&quot;:&quot;justified&quot;,&quot;ideal_row_height&quot;:{&quot;unit&quot;:&quot;px&quot;,&quot;size&quot;:350,&quot;sizes&quot;:[]},&quot;ideal_row_height_laptop&quot;:{&quot;unit&quot;:&quot;px&quot;,&quot;size&quot;:350,&quot;sizes&quot;:[]},&quot;ideal_row_height_tablet&quot;:{&quot;unit&quot;:&quot;px&quot;,&quot;size&quot;:250,&quot;sizes&quot;:[]},&quot;ideal_row_height_mobile&quot;:{&quot;unit&quot;:&quot;px&quot;,&quot;size&quot;:150,&quot;sizes&quot;:[]},&quot;gap&quot;:{&quot;unit&quot;:&quot;px&quot;,&quot;size&quot;:10,&quot;sizes&quot;:[]},&quot;gap_laptop&quot;:{&quot;unit&quot;:&quot;px&quot;,&quot;size&quot;:10,&quot;sizes&quot;:[]},&quot;gap_tablet&quot;:{&quot;unit&quot;:&quot;px&quot;,&quot;size&quot;:10,&quot;sizes&quot;:[]},&quot;gap_mobile&quot;:{&quot;unit&quot;:&quot;px&quot;,&quot;size&quot;:10,&quot;sizes&quot;:[]},&quot;link_to&quot;:&quot;file&quot;,&quot;content_hover_animation&quot;:&quot;fade-in&quot;}\" data-widget_type=\"gallery.default\">\n\t\t\t\t<div class=\"elementor-widget-container\">\n\t\t\t\t\t\t\t<div class=\"elementor-gallery__container\">\n\t\t\t\t\t\t\t<a class=\"e-gallery-item elementor-gallery-item elementor-animated-content\" href=\"https:\/\/titan-wind.com\/wp-content\/uploads\/2026\/02\/IMG_0025.jpg\" data-elementor-open-lightbox=\"yes\" data-elementor-lightbox-slideshow=\"0677449\" data-e-action-hash=\"#elementor-action%3Aaction%3Dlightbox%26settings%3DeyJpZCI6MTE0MDAsInVybCI6Imh0dHBzOlwvXC90aXRhbi13aW5kLmNvbVwvd3AtY29udGVudFwvdXBsb2Fkc1wvMjAyNlwvMDJcL0lNR18wMDI1LmpwZyIsInNsaWRlc2hvdyI6IjA2Nzc0NDkifQ%3D%3D\" data-rel=\"-image-0\" data-rl_title=\"\" data-rl_caption=\"\" title=\"\">\n\t\t\t\t\t<div class=\"e-gallery-image elementor-gallery-item__image\" data-thumbnail=\"https:\/\/titan-wind.com\/wp-content\/uploads\/2026\/02\/IMG_0025.jpg\" data-width=\"1512\" data-height=\"2016\" aria-label=\"\" role=\"img\" ><\/div>\n\t\t\t\t\t\t\t\t\t\t\t\t\t\t<\/a>\n\t\t\t\t\t\t\t<a class=\"e-gallery-item elementor-gallery-item elementor-animated-content\" href=\"https:\/\/titan-wind.com\/wp-content\/uploads\/2026\/02\/IMG_0119.jpg\" data-elementor-open-lightbox=\"yes\" data-elementor-lightbox-slideshow=\"0677449\" data-e-action-hash=\"#elementor-action%3Aaction%3Dlightbox%26settings%3DeyJpZCI6MTEzOTcsInVybCI6Imh0dHBzOlwvXC90aXRhbi13aW5kLmNvbVwvd3AtY29udGVudFwvdXBsb2Fkc1wvMjAyNlwvMDJcL0lNR18wMTE5LmpwZyIsInNsaWRlc2hvdyI6IjA2Nzc0NDkifQ%3D%3D\" data-rel=\"-image-1\" data-rl_title=\"\" data-rl_caption=\"\" title=\"\">\n\t\t\t\t\t<div class=\"e-gallery-image elementor-gallery-item__image\" data-thumbnail=\"https:\/\/titan-wind.com\/wp-content\/uploads\/2026\/02\/IMG_0119.jpg\" data-width=\"1512\" data-height=\"2016\" aria-label=\"\" role=\"img\" ><\/div>\n\t\t\t\t\t\t\t\t\t\t\t\t\t\t<\/a>\n\t\t\t\t\t<\/div>\n\t\t\t\t\t<\/div>\n\t\t\t\t<\/div>\n\t\t\t\t<\/div>\n\t\t\t\t\t<\/div>\n\t\t\t\t<\/div>\n\t\t\t\t<\/div>\n\t\t","protected":false},"excerpt":{"rendered":"<p>Stahlkonstruktionen und Stahlkomponenten f\u00fcr die Onshore-Industrie Wir sind auf die Lieferung robuster, qualit\u00e4tszertifizierter Stahlkomponenten f\u00fcr Onshore-Projekte spezialisiert. Mit Schwerpunkt auf Pr\u00e4zision, Langlebigkeit und flexibler Produktion bieten wir L\u00f6sungen, die genau auf die spezifischen Anforderungen unserer Kunden zugeschnitten sind \u2013 unabh\u00e4ngig von der Projektgr\u00f6\u00dfe. Siehe F\u00e4lle<\/p>\n","protected":false},"author":5,"featured_media":11478,"parent":0,"menu_order":1010,"comment_status":"closed","ping_status":"closed","template":"","meta":{"_acf_changed":false,"footnotes":""},"categories":[],"class_list":["post-11450","page","type-page","status-publish","has-post-thumbnail"],"acf":[],"yoast_head":"<!-- This site is optimized with the Yoast SEO plugin v27.3 - https:\/\/yoast.com\/product\/yoast-seo-wordpress\/ -->\n<title>Onshore | Titan Wind Operational Support ApS<\/title>\n<meta name=\"robots\" content=\"index, follow, max-snippet:-1, max-image-preview:large, max-video-preview:-1\" \/>\n<link rel=\"canonical\" href=\"https:\/\/titan-wind.com\/de\/onshore\/\" \/>\n<meta property=\"og:locale\" content=\"de_DE\" \/>\n<meta property=\"og:type\" content=\"article\" \/>\n<meta property=\"og:title\" content=\"Onshore | Titan Wind Operational Support ApS\" \/>\n<meta property=\"og:description\" content=\"Stahlkonstruktionen und Stahlkomponenten f\u00fcr die Onshore-Industrie Wir sind auf die Lieferung robuster, qualit\u00e4tszertifizierter Stahlkomponenten f\u00fcr Onshore-Projekte spezialisiert. Mit Schwerpunkt auf Pr\u00e4zision, Langlebigkeit und flexibler Produktion bieten wir L\u00f6sungen, die genau auf die spezifischen Anforderungen unserer Kunden zugeschnitten sind \u2013 unabh\u00e4ngig von der Projektgr\u00f6\u00dfe. Siehe F\u00e4lle\" \/>\n<meta property=\"og:url\" content=\"https:\/\/titan-wind.com\/de\/onshore\/\" \/>\n<meta property=\"og:site_name\" content=\"Titan Wind Operational Support ApS\" \/>\n<meta property=\"article:modified_time\" content=\"2026-02-27T13:01:32+00:00\" \/>\n<meta property=\"og:image\" content=\"https:\/\/titan-wind.com\/wp-content\/uploads\/2026\/02\/Onshore.jpg\" \/>\n\t<meta property=\"og:image:width\" content=\"1512\" \/>\n\t<meta property=\"og:image:height\" content=\"904\" \/>\n\t<meta property=\"og:image:type\" content=\"image\/jpeg\" \/>\n<meta name=\"twitter:card\" content=\"summary_large_image\" \/>\n<script type=\"application\/ld+json\" class=\"yoast-schema-graph\">{\"@context\":\"https:\\\/\\\/schema.org\",\"@graph\":[{\"@type\":\"WebPage\",\"@id\":\"https:\\\/\\\/titan-wind.com\\\/de\\\/onshore\\\/\",\"url\":\"https:\\\/\\\/titan-wind.com\\\/de\\\/onshore\\\/\",\"name\":\"Onshore | Titan Wind Operational Support ApS\",\"isPartOf\":{\"@id\":\"https:\\\/\\\/titan-wind.com\\\/de\\\/#website\"},\"primaryImageOfPage\":{\"@id\":\"https:\\\/\\\/titan-wind.com\\\/de\\\/onshore\\\/#primaryimage\"},\"image\":{\"@id\":\"https:\\\/\\\/titan-wind.com\\\/de\\\/onshore\\\/#primaryimage\"},\"thumbnailUrl\":\"https:\\\/\\\/titan-wind.com\\\/wp-content\\\/uploads\\\/2026\\\/02\\\/Onshore.jpg\",\"datePublished\":\"2026-02-05T06:48:21+00:00\",\"dateModified\":\"2026-02-27T13:01:32+00:00\",\"breadcrumb\":{\"@id\":\"https:\\\/\\\/titan-wind.com\\\/de\\\/onshore\\\/#breadcrumb\"},\"inLanguage\":\"de\",\"potentialAction\":[{\"@type\":\"ReadAction\",\"target\":[\"https:\\\/\\\/titan-wind.com\\\/de\\\/onshore\\\/\"]}]},{\"@type\":\"ImageObject\",\"inLanguage\":\"de\",\"@id\":\"https:\\\/\\\/titan-wind.com\\\/de\\\/onshore\\\/#primaryimage\",\"url\":\"https:\\\/\\\/titan-wind.com\\\/wp-content\\\/uploads\\\/2026\\\/02\\\/Onshore.jpg\",\"contentUrl\":\"https:\\\/\\\/titan-wind.com\\\/wp-content\\\/uploads\\\/2026\\\/02\\\/Onshore.jpg\",\"width\":1512,\"height\":904},{\"@type\":\"BreadcrumbList\",\"@id\":\"https:\\\/\\\/titan-wind.com\\\/de\\\/onshore\\\/#breadcrumb\",\"itemListElement\":[{\"@type\":\"ListItem\",\"position\":1,\"name\":\"Forside\",\"item\":\"https:\\\/\\\/titan-wind.com\\\/de\\\/\"},{\"@type\":\"ListItem\",\"position\":2,\"name\":\"Onshore\"}]},{\"@type\":\"WebSite\",\"@id\":\"https:\\\/\\\/titan-wind.com\\\/de\\\/#website\",\"url\":\"https:\\\/\\\/titan-wind.com\\\/de\\\/\",\"name\":\"Titan Wind Operational Support ApS\",\"description\":\"Titan ist Ihr zuverl\u00e4ssiger Partner im Stahlbau\",\"publisher\":{\"@id\":\"https:\\\/\\\/titan-wind.com\\\/de\\\/#organization\"},\"potentialAction\":[{\"@type\":\"SearchAction\",\"target\":{\"@type\":\"EntryPoint\",\"urlTemplate\":\"https:\\\/\\\/titan-wind.com\\\/de\\\/?s={search_term_string}\"},\"query-input\":{\"@type\":\"PropertyValueSpecification\",\"valueRequired\":true,\"valueName\":\"search_term_string\"}}],\"inLanguage\":\"de\"},{\"@type\":\"Organization\",\"@id\":\"https:\\\/\\\/titan-wind.com\\\/de\\\/#organization\",\"name\":\"Titan Wind Operational Support ApS\",\"url\":\"https:\\\/\\\/titan-wind.com\\\/de\\\/\",\"logo\":{\"@type\":\"ImageObject\",\"inLanguage\":\"de\",\"@id\":\"https:\\\/\\\/titan-wind.com\\\/de\\\/#\\\/schema\\\/logo\\\/image\\\/\",\"url\":\"https:\\\/\\\/titan-wind.com\\\/wp-content\\\/uploads\\\/2025\\\/09\\\/titan-wind-logo.png\",\"contentUrl\":\"https:\\\/\\\/titan-wind.com\\\/wp-content\\\/uploads\\\/2025\\\/09\\\/titan-wind-logo.png\",\"width\":946,\"height\":241,\"caption\":\"Titan Wind Operational Support ApS\"},\"image\":{\"@id\":\"https:\\\/\\\/titan-wind.com\\\/de\\\/#\\\/schema\\\/logo\\\/image\\\/\"}}]}<\/script>\n<!-- \/ Yoast SEO plugin. -->","yoast_head_json":{"title":"Onshore | Titan Wind Operational Support ApS","robots":{"index":"index","follow":"follow","max-snippet":"max-snippet:-1","max-image-preview":"max-image-preview:large","max-video-preview":"max-video-preview:-1"},"canonical":"https:\/\/titan-wind.com\/de\/onshore\/","og_locale":"de_DE","og_type":"article","og_title":"Onshore | Titan Wind Operational Support ApS","og_description":"Stahlkonstruktionen und Stahlkomponenten f\u00fcr die Onshore-Industrie Wir sind auf die Lieferung robuster, qualit\u00e4tszertifizierter Stahlkomponenten f\u00fcr Onshore-Projekte spezialisiert. Mit Schwerpunkt auf Pr\u00e4zision, Langlebigkeit und flexibler Produktion bieten wir L\u00f6sungen, die genau auf die spezifischen Anforderungen unserer Kunden zugeschnitten sind \u2013 unabh\u00e4ngig von der Projektgr\u00f6\u00dfe. Siehe F\u00e4lle","og_url":"https:\/\/titan-wind.com\/de\/onshore\/","og_site_name":"Titan Wind Operational Support ApS","article_modified_time":"2026-02-27T13:01:32+00:00","og_image":[{"width":1512,"height":904,"url":"https:\/\/titan-wind.com\/wp-content\/uploads\/2026\/02\/Onshore.jpg","type":"image\/jpeg"}],"twitter_card":"summary_large_image","schema":{"@context":"https:\/\/schema.org","@graph":[{"@type":"WebPage","@id":"https:\/\/titan-wind.com\/de\/onshore\/","url":"https:\/\/titan-wind.com\/de\/onshore\/","name":"Onshore | Titan Wind Operational Support ApS","isPartOf":{"@id":"https:\/\/titan-wind.com\/de\/#website"},"primaryImageOfPage":{"@id":"https:\/\/titan-wind.com\/de\/onshore\/#primaryimage"},"image":{"@id":"https:\/\/titan-wind.com\/de\/onshore\/#primaryimage"},"thumbnailUrl":"https:\/\/titan-wind.com\/wp-content\/uploads\/2026\/02\/Onshore.jpg","datePublished":"2026-02-05T06:48:21+00:00","dateModified":"2026-02-27T13:01:32+00:00","breadcrumb":{"@id":"https:\/\/titan-wind.com\/de\/onshore\/#breadcrumb"},"inLanguage":"de","potentialAction":[{"@type":"ReadAction","target":["https:\/\/titan-wind.com\/de\/onshore\/"]}]},{"@type":"ImageObject","inLanguage":"de","@id":"https:\/\/titan-wind.com\/de\/onshore\/#primaryimage","url":"https:\/\/titan-wind.com\/wp-content\/uploads\/2026\/02\/Onshore.jpg","contentUrl":"https:\/\/titan-wind.com\/wp-content\/uploads\/2026\/02\/Onshore.jpg","width":1512,"height":904},{"@type":"BreadcrumbList","@id":"https:\/\/titan-wind.com\/de\/onshore\/#breadcrumb","itemListElement":[{"@type":"ListItem","position":1,"name":"Forside","item":"https:\/\/titan-wind.com\/de\/"},{"@type":"ListItem","position":2,"name":"Onshore"}]},{"@type":"WebSite","@id":"https:\/\/titan-wind.com\/de\/#website","url":"https:\/\/titan-wind.com\/de\/","name":"Titan Wind Operational Support ApS","description":"Titan ist Ihr zuverl\u00e4ssiger Partner im Stahlbau","publisher":{"@id":"https:\/\/titan-wind.com\/de\/#organization"},"potentialAction":[{"@type":"SearchAction","target":{"@type":"EntryPoint","urlTemplate":"https:\/\/titan-wind.com\/de\/?s={search_term_string}"},"query-input":{"@type":"PropertyValueSpecification","valueRequired":true,"valueName":"search_term_string"}}],"inLanguage":"de"},{"@type":"Organization","@id":"https:\/\/titan-wind.com\/de\/#organization","name":"Titan Wind Operational Support ApS","url":"https:\/\/titan-wind.com\/de\/","logo":{"@type":"ImageObject","inLanguage":"de","@id":"https:\/\/titan-wind.com\/de\/#\/schema\/logo\/image\/","url":"https:\/\/titan-wind.com\/wp-content\/uploads\/2025\/09\/titan-wind-logo.png","contentUrl":"https:\/\/titan-wind.com\/wp-content\/uploads\/2025\/09\/titan-wind-logo.png","width":946,"height":241,"caption":"Titan Wind Operational Support ApS"},"image":{"@id":"https:\/\/titan-wind.com\/de\/#\/schema\/logo\/image\/"}}]}},"_links":{"self":[{"href":"https:\/\/titan-wind.com\/de\/wp-json\/wp\/v2\/pages\/11450","targetHints":{"allow":["GET"]}}],"collection":[{"href":"https:\/\/titan-wind.com\/de\/wp-json\/wp\/v2\/pages"}],"about":[{"href":"https:\/\/titan-wind.com\/de\/wp-json\/wp\/v2\/types\/page"}],"author":[{"embeddable":true,"href":"https:\/\/titan-wind.com\/de\/wp-json\/wp\/v2\/users\/5"}],"replies":[{"embeddable":true,"href":"https:\/\/titan-wind.com\/de\/wp-json\/wp\/v2\/comments?post=11450"}],"version-history":[{"count":2,"href":"https:\/\/titan-wind.com\/de\/wp-json\/wp\/v2\/pages\/11450\/revisions"}],"predecessor-version":[{"id":11483,"href":"https:\/\/titan-wind.com\/de\/wp-json\/wp\/v2\/pages\/11450\/revisions\/11483"}],"wp:featuredmedia":[{"embeddable":true,"href":"https:\/\/titan-wind.com\/de\/wp-json\/wp\/v2\/media\/11478"}],"wp:attachment":[{"href":"https:\/\/titan-wind.com\/de\/wp-json\/wp\/v2\/media?parent=11450"}],"wp:term":[{"taxonomy":"category","embeddable":true,"href":"https:\/\/titan-wind.com\/de\/wp-json\/wp\/v2\/categories?post=11450"}],"curies":[{"name":"wp","href":"https:\/\/api.w.org\/{rel}","templated":true}]}}